{"id":5595,"date":"2025-04-18T16:27:46","date_gmt":"2025-04-18T14:27:46","guid":{"rendered":"http:\/\/skema.eu\/prodotto\/top-level-vision-technic\/"},"modified":"2025-04-23T11:10:18","modified_gmt":"2025-04-23T09:10:18","slug":"top-level-vision-technic","status":"publish","type":"product","link":"https:\/\/skema.eu\/fr\/collection\/top-level-vision-technic\/","title":{"rendered":"TOP LEVEL VISION TECHNIC"},"content":{"rendered":"","protected":false},"excerpt":{"rendered":"<p>Vision Technic est la surface stratifi\u00e9e con\u00e7ue pour les secteurs des expositions, des contrats et des bureaux, avec des d\u00e9cors \u00e0 effet acier ou pierre. Une surface encore plus pratique dans sa version sur\u00e9lev\u00e9e, qui allie la modularit\u00e9 de ce type de structure, contr\u00f4lable et flexible, \u00e0 la grande r\u00e9sistance \u00e0 l&#8217;abrasion et au pi\u00e9tinement de ce stratifi\u00e9.<\/p>\n","protected":false},"featured_media":3581,"comment_status":"closed","ping_status":"closed","template":"","meta":{"_acf_changed":false,"_et_pb_use_builder":"","_et_pb_old_content":"","_et_gb_content_width":"","inline_featured_image":false},"ambiente":[],"colore":[],"product_brand":[],"product_cat":[125],"product_tag":[],"class_list":{"0":"post-5595","1":"product","2":"type-product","3":"status-publish","4":"has-post-thumbnail","6":"product_cat-sols-sureleves","8":"first","9":"instock","10":"product-type-simple"},"acf":[],"yoast_head":"<!-- This site is optimized with the Yoast SEO plugin v27.1.1 - https:\/\/yoast.com\/product\/yoast-seo-wordpress\/ -->\n<title>TOP LEVEL VISION TECHNIC | Stratifi\u00e9 avec d\u00e9cors acier et effet pierre - Skema<\/title>\n<meta name=\"description\" content=\"Parmi les Sols sur\u00e9lev\u00e9s de Skema, vous trouverez TOP LEVEL VISION TECHNIC. D\u00e9couvrez d\u00e8s maintenant la collection et toutes ses finitions.\" \/>\n<meta name=\"robots\" content=\"index, follow, max-snippet:-1, max-image-preview:large, max-video-preview:-1\" \/>\n<link rel=\"canonical\" href=\"https:\/\/skema.eu\/fr\/collection\/top-level-vision-technic\/\" \/>\n<meta property=\"og:locale\" content=\"fr_FR\" \/>\n<meta property=\"og:type\" content=\"article\" \/>\n<meta property=\"og:title\" content=\"TOP LEVEL VISION TECHNIC | Stratifi\u00e9 avec d\u00e9cors acier et effet pierre - Skema\" \/>\n<meta property=\"og:description\" content=\"Parmi les Sols sur\u00e9lev\u00e9s de Skema, vous trouverez TOP LEVEL VISION TECHNIC. D\u00e9couvrez d\u00e8s maintenant la collection et toutes ses finitions.\" \/>\n<meta property=\"og:url\" content=\"https:\/\/skema.eu\/fr\/collection\/top-level-vision-technic\/\" \/>\n<meta property=\"og:site_name\" content=\"Skema\" \/>\n<meta property=\"article:publisher\" content=\"https:\/\/www.facebook.com\/skema.eu\" \/>\n<meta property=\"article:modified_time\" content=\"2025-04-23T09:10:18+00:00\" \/>\n<meta property=\"og:image\" content=\"https:\/\/skema.eu\/wp-content\/uploads\/2025\/04\/SKEMA-LIVING-VISION-TECHNIC-HYDRO-208-PIETRA-D-ISTRIA.jpg\" \/>\n\t<meta property=\"og:image:width\" content=\"1920\" \/>\n\t<meta property=\"og:image:height\" content=\"1440\" \/>\n\t<meta property=\"og:image:type\" content=\"image\/jpeg\" \/>\n<meta name=\"twitter:card\" content=\"summary_large_image\" \/>\n<script type=\"application\/ld+json\" class=\"yoast-schema-graph\">{\"@context\":\"https:\/\/schema.org\",\"@graph\":[{\"@type\":\"WebPage\",\"@id\":\"https:\/\/skema.eu\/fr\/collection\/top-level-vision-technic\/\",\"url\":\"https:\/\/skema.eu\/fr\/collection\/top-level-vision-technic\/\",\"name\":\"TOP LEVEL VISION TECHNIC | Stratifi\u00e9 avec d\u00e9cors acier et effet pierre - Skema\",\"isPartOf\":{\"@id\":\"https:\/\/skema.eu\/fr\/#website\"},\"primaryImageOfPage\":{\"@id\":\"https:\/\/skema.eu\/fr\/collection\/top-level-vision-technic\/#primaryimage\"},\"image\":{\"@id\":\"https:\/\/skema.eu\/fr\/collection\/top-level-vision-technic\/#primaryimage\"},\"thumbnailUrl\":\"https:\/\/skema.eu\/wp-content\/uploads\/2025\/04\/SKEMA-LIVING-VISION-TECHNIC-HYDRO-208-PIETRA-D-ISTRIA.jpg\",\"datePublished\":\"2025-04-18T14:27:46+00:00\",\"dateModified\":\"2025-04-23T09:10:18+00:00\",\"description\":\"Parmi les Sols sur\u00e9lev\u00e9s de Skema, vous trouverez TOP LEVEL VISION TECHNIC. D\u00e9couvrez d\u00e8s maintenant la collection et toutes ses finitions.\",\"breadcrumb\":{\"@id\":\"https:\/\/skema.eu\/fr\/collection\/top-level-vision-technic\/#breadcrumb\"},\"inLanguage\":\"fr-FR\",\"potentialAction\":[{\"@type\":\"ReadAction\",\"target\":[\"https:\/\/skema.eu\/fr\/collection\/top-level-vision-technic\/\"]}]},{\"@type\":\"ImageObject\",\"inLanguage\":\"fr-FR\",\"@id\":\"https:\/\/skema.eu\/fr\/collection\/top-level-vision-technic\/#primaryimage\",\"url\":\"https:\/\/skema.eu\/wp-content\/uploads\/2025\/04\/SKEMA-LIVING-VISION-TECHNIC-HYDRO-208-PIETRA-D-ISTRIA.jpg\",\"contentUrl\":\"https:\/\/skema.eu\/wp-content\/uploads\/2025\/04\/SKEMA-LIVING-VISION-TECHNIC-HYDRO-208-PIETRA-D-ISTRIA.jpg\",\"width\":1920,\"height\":1440,\"caption\":\"TOP LEVEL VISION TECHNIC | Stratifi\u00e9 avec d\u00e9cors acier et effet pierre\"},{\"@type\":\"BreadcrumbList\",\"@id\":\"https:\/\/skema.eu\/fr\/collection\/top-level-vision-technic\/#breadcrumb\",\"itemListElement\":[{\"@type\":\"ListItem\",\"position\":1,\"name\":\"Home\",\"item\":\"https:\/\/skema.eu\/fr\/\"},{\"@type\":\"ListItem\",\"position\":2,\"name\":\"Produits\",\"item\":\"https:\/\/skema.eu\/fr\/shop\/\"},{\"@type\":\"ListItem\",\"position\":3,\"name\":\"TOP LEVEL VISION TECHNIC\"}]},{\"@type\":\"WebSite\",\"@id\":\"https:\/\/skema.eu\/fr\/#website\",\"url\":\"https:\/\/skema.eu\/fr\/\",\"name\":\"Skema\",\"description\":\"Superfici da Vivere\",\"publisher\":{\"@id\":\"https:\/\/skema.eu\/fr\/#organization\"},\"potentialAction\":[{\"@type\":\"SearchAction\",\"target\":{\"@type\":\"EntryPoint\",\"urlTemplate\":\"https:\/\/skema.eu\/fr\/?s={search_term_string}\"},\"query-input\":{\"@type\":\"PropertyValueSpecification\",\"valueRequired\":true,\"valueName\":\"search_term_string\"}}],\"inLanguage\":\"fr-FR\"},{\"@type\":\"Organization\",\"@id\":\"https:\/\/skema.eu\/fr\/#organization\",\"name\":\"Skema S.p.a Unipersonale\",\"url\":\"https:\/\/skema.eu\/fr\/\",\"logo\":{\"@type\":\"ImageObject\",\"inLanguage\":\"fr-FR\",\"@id\":\"https:\/\/skema.eu\/fr\/#\/schema\/logo\/image\/\",\"url\":\"https:\/\/skema.eu\/wp-content\/uploads\/2025\/04\/copertina-standard-sito_161202517452.webp\",\"contentUrl\":\"https:\/\/skema.eu\/wp-content\/uploads\/2025\/04\/copertina-standard-sito_161202517452.webp\",\"width\":600,\"height\":424,\"caption\":\"Skema S.p.a Unipersonale\"},\"image\":{\"@id\":\"https:\/\/skema.eu\/fr\/#\/schema\/logo\/image\/\"},\"sameAs\":[\"https:\/\/www.facebook.com\/skema.eu\"]}]}<\/script>\n<!-- \/ Yoast SEO plugin. -->","yoast_head_json":{"title":"TOP LEVEL VISION TECHNIC | Stratifi\u00e9 avec d\u00e9cors acier et effet pierre - Skema","description":"Parmi les Sols sur\u00e9lev\u00e9s de Skema, vous trouverez TOP LEVEL VISION TECHNIC. D\u00e9couvrez d\u00e8s maintenant la collection et toutes ses finitions.","robots":{"index":"index","follow":"follow","max-snippet":"max-snippet:-1","max-image-preview":"max-image-preview:large","max-video-preview":"max-video-preview:-1"},"canonical":"https:\/\/skema.eu\/fr\/collection\/top-level-vision-technic\/","og_locale":"fr_FR","og_type":"article","og_title":"TOP LEVEL VISION TECHNIC | Stratifi\u00e9 avec d\u00e9cors acier et effet pierre - Skema","og_description":"Parmi les Sols sur\u00e9lev\u00e9s de Skema, vous trouverez TOP LEVEL VISION TECHNIC. D\u00e9couvrez d\u00e8s maintenant la collection et toutes ses finitions.","og_url":"https:\/\/skema.eu\/fr\/collection\/top-level-vision-technic\/","og_site_name":"Skema","article_publisher":"https:\/\/www.facebook.com\/skema.eu","article_modified_time":"2025-04-23T09:10:18+00:00","og_image":[{"width":1920,"height":1440,"url":"https:\/\/skema.eu\/wp-content\/uploads\/2025\/04\/SKEMA-LIVING-VISION-TECHNIC-HYDRO-208-PIETRA-D-ISTRIA.jpg","type":"image\/jpeg"}],"twitter_card":"summary_large_image","schema":{"@context":"https:\/\/schema.org","@graph":[{"@type":"WebPage","@id":"https:\/\/skema.eu\/fr\/collection\/top-level-vision-technic\/","url":"https:\/\/skema.eu\/fr\/collection\/top-level-vision-technic\/","name":"TOP LEVEL VISION TECHNIC | Stratifi\u00e9 avec d\u00e9cors acier et effet pierre - Skema","isPartOf":{"@id":"https:\/\/skema.eu\/fr\/#website"},"primaryImageOfPage":{"@id":"https:\/\/skema.eu\/fr\/collection\/top-level-vision-technic\/#primaryimage"},"image":{"@id":"https:\/\/skema.eu\/fr\/collection\/top-level-vision-technic\/#primaryimage"},"thumbnailUrl":"https:\/\/skema.eu\/wp-content\/uploads\/2025\/04\/SKEMA-LIVING-VISION-TECHNIC-HYDRO-208-PIETRA-D-ISTRIA.jpg","datePublished":"2025-04-18T14:27:46+00:00","dateModified":"2025-04-23T09:10:18+00:00","description":"Parmi les Sols sur\u00e9lev\u00e9s de Skema, vous trouverez TOP LEVEL VISION TECHNIC. D\u00e9couvrez d\u00e8s maintenant la collection et toutes ses finitions.","breadcrumb":{"@id":"https:\/\/skema.eu\/fr\/collection\/top-level-vision-technic\/#breadcrumb"},"inLanguage":"fr-FR","potentialAction":[{"@type":"ReadAction","target":["https:\/\/skema.eu\/fr\/collection\/top-level-vision-technic\/"]}]},{"@type":"ImageObject","inLanguage":"fr-FR","@id":"https:\/\/skema.eu\/fr\/collection\/top-level-vision-technic\/#primaryimage","url":"https:\/\/skema.eu\/wp-content\/uploads\/2025\/04\/SKEMA-LIVING-VISION-TECHNIC-HYDRO-208-PIETRA-D-ISTRIA.jpg","contentUrl":"https:\/\/skema.eu\/wp-content\/uploads\/2025\/04\/SKEMA-LIVING-VISION-TECHNIC-HYDRO-208-PIETRA-D-ISTRIA.jpg","width":1920,"height":1440,"caption":"TOP LEVEL VISION TECHNIC | Stratifi\u00e9 avec d\u00e9cors acier et effet pierre"},{"@type":"BreadcrumbList","@id":"https:\/\/skema.eu\/fr\/collection\/top-level-vision-technic\/#breadcrumb","itemListElement":[{"@type":"ListItem","position":1,"name":"Home","item":"https:\/\/skema.eu\/fr\/"},{"@type":"ListItem","position":2,"name":"Produits","item":"https:\/\/skema.eu\/fr\/shop\/"},{"@type":"ListItem","position":3,"name":"TOP LEVEL VISION TECHNIC"}]},{"@type":"WebSite","@id":"https:\/\/skema.eu\/fr\/#website","url":"https:\/\/skema.eu\/fr\/","name":"Skema","description":"Superfici da Vivere","publisher":{"@id":"https:\/\/skema.eu\/fr\/#organization"},"potentialAction":[{"@type":"SearchAction","target":{"@type":"EntryPoint","urlTemplate":"https:\/\/skema.eu\/fr\/?s={search_term_string}"},"query-input":{"@type":"PropertyValueSpecification","valueRequired":true,"valueName":"search_term_string"}}],"inLanguage":"fr-FR"},{"@type":"Organization","@id":"https:\/\/skema.eu\/fr\/#organization","name":"Skema S.p.a Unipersonale","url":"https:\/\/skema.eu\/fr\/","logo":{"@type":"ImageObject","inLanguage":"fr-FR","@id":"https:\/\/skema.eu\/fr\/#\/schema\/logo\/image\/","url":"https:\/\/skema.eu\/wp-content\/uploads\/2025\/04\/copertina-standard-sito_161202517452.webp","contentUrl":"https:\/\/skema.eu\/wp-content\/uploads\/2025\/04\/copertina-standard-sito_161202517452.webp","width":600,"height":424,"caption":"Skema S.p.a Unipersonale"},"image":{"@id":"https:\/\/skema.eu\/fr\/#\/schema\/logo\/image\/"},"sameAs":["https:\/\/www.facebook.com\/skema.eu"]}]}},"_links":{"self":[{"href":"https:\/\/skema.eu\/fr\/wp-json\/wp\/v2\/product\/5595","targetHints":{"allow":["GET"]}}],"collection":[{"href":"https:\/\/skema.eu\/fr\/wp-json\/wp\/v2\/product"}],"about":[{"href":"https:\/\/skema.eu\/fr\/wp-json\/wp\/v2\/types\/product"}],"replies":[{"embeddable":true,"href":"https:\/\/skema.eu\/fr\/wp-json\/wp\/v2\/comments?post=5595"}],"wp:featuredmedia":[{"embeddable":true,"href":"https:\/\/skema.eu\/fr\/wp-json\/wp\/v2\/media\/3581"}],"wp:attachment":[{"href":"https:\/\/skema.eu\/fr\/wp-json\/wp\/v2\/media?parent=5595"}],"wp:term":[{"taxonomy":"ambiente","embeddable":true,"href":"https:\/\/skema.eu\/fr\/wp-json\/wp\/v2\/ambiente?post=5595"},{"taxonomy":"colore","embeddable":true,"href":"https:\/\/skema.eu\/fr\/wp-json\/wp\/v2\/colore?post=5595"},{"taxonomy":"product_brand","embeddable":true,"href":"https:\/\/skema.eu\/fr\/wp-json\/wp\/v2\/product_brand?post=5595"},{"taxonomy":"product_cat","embeddable":true,"href":"https:\/\/skema.eu\/fr\/wp-json\/wp\/v2\/product_cat?post=5595"},{"taxonomy":"product_tag","embeddable":true,"href":"https:\/\/skema.eu\/fr\/wp-json\/wp\/v2\/product_tag?post=5595"}],"curies":[{"name":"wp","href":"https:\/\/api.w.org\/{rel}","templated":true}]}}