{"id":5594,"date":"2025-04-18T16:27:46","date_gmt":"2025-04-18T14:27:46","guid":{"rendered":"http:\/\/skema.eu\/prodotto\/top-level-prestige-l\/"},"modified":"2025-04-23T11:10:17","modified_gmt":"2025-04-23T09:10:17","slug":"top-level-prestige-l","status":"publish","type":"product","link":"https:\/\/skema.eu\/fr\/collection\/top-level-prestige-l\/","title":{"rendered":"TOP LEVEL PRESTIGE L"},"content":{"rendered":"","protected":false},"excerpt":{"rendered":"<p>Prestige L est un stratifi\u00e9 \u00e0 effet bois aux caract\u00e9ristiques techniques avanc\u00e9es. Il s&#8217;agit d&#8217;un rev\u00eatement r\u00e9sistant, parfaitement adapt\u00e9 aux besoins des lieux collectifs et, pour cette raison, choisi comme option pour le rev\u00eatement des planchers sur\u00e9lev\u00e9s. Des surfaces cr\u00e9\u00e9es pour des espaces tels que les bureaux et les lieux collectifs qui permettent de loger les c\u00e2bles et les tuyaux de distribution entre les panneaux et le sol existant, avec l&#8217;avantage d&#8217;une intervention rapide pour les inspections et l&#8217;entretien ult\u00e9rieur.<\/p>\n","protected":false},"featured_media":2713,"comment_status":"closed","ping_status":"closed","template":"","meta":{"_acf_changed":false,"_et_pb_use_builder":"","_et_pb_old_content":"","_et_gb_content_width":"","inline_featured_image":false},"ambiente":[],"colore":[],"product_brand":[],"product_cat":[125],"product_tag":[],"class_list":{"0":"post-5594","1":"product","2":"type-product","3":"status-publish","4":"has-post-thumbnail","6":"product_cat-sols-sureleves","8":"first","9":"instock","10":"product-type-simple"},"acf":[],"yoast_head":"<!-- This site is optimized with the Yoast SEO plugin v27.1.1 - https:\/\/yoast.com\/product\/yoast-seo-wordpress\/ -->\n<title>TOP LEVEL PRESTIGE L | Stratifi\u00e9 effet bois haute performance - Skema<\/title>\n<meta name=\"description\" content=\"Parmi les Sols sur\u00e9lev\u00e9s de Skema, vous trouverez TOP LEVEL PRESTIGE L. D\u00e9couvrez d\u00e8s maintenant la collection et toutes ses finitions.\" \/>\n<meta name=\"robots\" content=\"index, follow, max-snippet:-1, max-image-preview:large, max-video-preview:-1\" \/>\n<link rel=\"canonical\" href=\"https:\/\/skema.eu\/fr\/collection\/top-level-prestige-l\/\" \/>\n<meta property=\"og:locale\" content=\"fr_FR\" \/>\n<meta property=\"og:type\" content=\"article\" \/>\n<meta property=\"og:title\" content=\"TOP LEVEL PRESTIGE L | Stratifi\u00e9 effet bois haute performance - Skema\" \/>\n<meta property=\"og:description\" content=\"Parmi les Sols sur\u00e9lev\u00e9s de Skema, vous trouverez TOP LEVEL PRESTIGE L. D\u00e9couvrez d\u00e8s maintenant la collection et toutes ses finitions.\" \/>\n<meta property=\"og:url\" content=\"https:\/\/skema.eu\/fr\/collection\/top-level-prestige-l\/\" \/>\n<meta property=\"og:site_name\" content=\"Skema\" \/>\n<meta property=\"article:publisher\" content=\"https:\/\/www.facebook.com\/skema.eu\" \/>\n<meta property=\"article:modified_time\" content=\"2025-04-23T09:10:17+00:00\" \/>\n<meta property=\"og:image\" content=\"https:\/\/skema.eu\/wp-content\/uploads\/2025\/04\/SKEMA-LIVING-PRESTIGE-L-HYDRO-168-GREY-OAK-03.jpg\" \/>\n\t<meta property=\"og:image:width\" content=\"1920\" \/>\n\t<meta property=\"og:image:height\" content=\"1440\" \/>\n\t<meta property=\"og:image:type\" content=\"image\/jpeg\" \/>\n<meta name=\"twitter:card\" content=\"summary_large_image\" \/>\n<script type=\"application\/ld+json\" class=\"yoast-schema-graph\">{\"@context\":\"https:\/\/schema.org\",\"@graph\":[{\"@type\":\"WebPage\",\"@id\":\"https:\/\/skema.eu\/fr\/collection\/top-level-prestige-l\/\",\"url\":\"https:\/\/skema.eu\/fr\/collection\/top-level-prestige-l\/\",\"name\":\"TOP LEVEL PRESTIGE L | Stratifi\u00e9 effet bois haute performance - Skema\",\"isPartOf\":{\"@id\":\"https:\/\/skema.eu\/fr\/#website\"},\"primaryImageOfPage\":{\"@id\":\"https:\/\/skema.eu\/fr\/collection\/top-level-prestige-l\/#primaryimage\"},\"image\":{\"@id\":\"https:\/\/skema.eu\/fr\/collection\/top-level-prestige-l\/#primaryimage\"},\"thumbnailUrl\":\"https:\/\/skema.eu\/wp-content\/uploads\/2025\/04\/SKEMA-LIVING-PRESTIGE-L-HYDRO-168-GREY-OAK-03.jpg\",\"datePublished\":\"2025-04-18T14:27:46+00:00\",\"dateModified\":\"2025-04-23T09:10:17+00:00\",\"description\":\"Parmi les Sols sur\u00e9lev\u00e9s de Skema, vous trouverez TOP LEVEL PRESTIGE L. D\u00e9couvrez d\u00e8s maintenant la collection et toutes ses finitions.\",\"breadcrumb\":{\"@id\":\"https:\/\/skema.eu\/fr\/collection\/top-level-prestige-l\/#breadcrumb\"},\"inLanguage\":\"fr-FR\",\"potentialAction\":[{\"@type\":\"ReadAction\",\"target\":[\"https:\/\/skema.eu\/fr\/collection\/top-level-prestige-l\/\"]}]},{\"@type\":\"ImageObject\",\"inLanguage\":\"fr-FR\",\"@id\":\"https:\/\/skema.eu\/fr\/collection\/top-level-prestige-l\/#primaryimage\",\"url\":\"https:\/\/skema.eu\/wp-content\/uploads\/2025\/04\/SKEMA-LIVING-PRESTIGE-L-HYDRO-168-GREY-OAK-03.jpg\",\"contentUrl\":\"https:\/\/skema.eu\/wp-content\/uploads\/2025\/04\/SKEMA-LIVING-PRESTIGE-L-HYDRO-168-GREY-OAK-03.jpg\",\"width\":1920,\"height\":1440,\"caption\":\"TOP LEVEL PRESTIGE L | Stratifi\u00e9 effet bois haute performance\"},{\"@type\":\"BreadcrumbList\",\"@id\":\"https:\/\/skema.eu\/fr\/collection\/top-level-prestige-l\/#breadcrumb\",\"itemListElement\":[{\"@type\":\"ListItem\",\"position\":1,\"name\":\"Home\",\"item\":\"https:\/\/skema.eu\/fr\/\"},{\"@type\":\"ListItem\",\"position\":2,\"name\":\"Produits\",\"item\":\"https:\/\/skema.eu\/fr\/shop\/\"},{\"@type\":\"ListItem\",\"position\":3,\"name\":\"TOP LEVEL PRESTIGE L\"}]},{\"@type\":\"WebSite\",\"@id\":\"https:\/\/skema.eu\/fr\/#website\",\"url\":\"https:\/\/skema.eu\/fr\/\",\"name\":\"Skema\",\"description\":\"Superfici da Vivere\",\"publisher\":{\"@id\":\"https:\/\/skema.eu\/fr\/#organization\"},\"potentialAction\":[{\"@type\":\"SearchAction\",\"target\":{\"@type\":\"EntryPoint\",\"urlTemplate\":\"https:\/\/skema.eu\/fr\/?s={search_term_string}\"},\"query-input\":{\"@type\":\"PropertyValueSpecification\",\"valueRequired\":true,\"valueName\":\"search_term_string\"}}],\"inLanguage\":\"fr-FR\"},{\"@type\":\"Organization\",\"@id\":\"https:\/\/skema.eu\/fr\/#organization\",\"name\":\"Skema S.p.a Unipersonale\",\"url\":\"https:\/\/skema.eu\/fr\/\",\"logo\":{\"@type\":\"ImageObject\",\"inLanguage\":\"fr-FR\",\"@id\":\"https:\/\/skema.eu\/fr\/#\/schema\/logo\/image\/\",\"url\":\"https:\/\/skema.eu\/wp-content\/uploads\/2025\/04\/copertina-standard-sito_161202517452.webp\",\"contentUrl\":\"https:\/\/skema.eu\/wp-content\/uploads\/2025\/04\/copertina-standard-sito_161202517452.webp\",\"width\":600,\"height\":424,\"caption\":\"Skema S.p.a Unipersonale\"},\"image\":{\"@id\":\"https:\/\/skema.eu\/fr\/#\/schema\/logo\/image\/\"},\"sameAs\":[\"https:\/\/www.facebook.com\/skema.eu\"]}]}<\/script>\n<!-- \/ Yoast SEO plugin. -->","yoast_head_json":{"title":"TOP LEVEL PRESTIGE L | Stratifi\u00e9 effet bois haute performance - Skema","description":"Parmi les Sols sur\u00e9lev\u00e9s de Skema, vous trouverez TOP LEVEL PRESTIGE L. D\u00e9couvrez d\u00e8s maintenant la collection et toutes ses finitions.","robots":{"index":"index","follow":"follow","max-snippet":"max-snippet:-1","max-image-preview":"max-image-preview:large","max-video-preview":"max-video-preview:-1"},"canonical":"https:\/\/skema.eu\/fr\/collection\/top-level-prestige-l\/","og_locale":"fr_FR","og_type":"article","og_title":"TOP LEVEL PRESTIGE L | Stratifi\u00e9 effet bois haute performance - Skema","og_description":"Parmi les Sols sur\u00e9lev\u00e9s de Skema, vous trouverez TOP LEVEL PRESTIGE L. D\u00e9couvrez d\u00e8s maintenant la collection et toutes ses finitions.","og_url":"https:\/\/skema.eu\/fr\/collection\/top-level-prestige-l\/","og_site_name":"Skema","article_publisher":"https:\/\/www.facebook.com\/skema.eu","article_modified_time":"2025-04-23T09:10:17+00:00","og_image":[{"width":1920,"height":1440,"url":"https:\/\/skema.eu\/wp-content\/uploads\/2025\/04\/SKEMA-LIVING-PRESTIGE-L-HYDRO-168-GREY-OAK-03.jpg","type":"image\/jpeg"}],"twitter_card":"summary_large_image","schema":{"@context":"https:\/\/schema.org","@graph":[{"@type":"WebPage","@id":"https:\/\/skema.eu\/fr\/collection\/top-level-prestige-l\/","url":"https:\/\/skema.eu\/fr\/collection\/top-level-prestige-l\/","name":"TOP LEVEL PRESTIGE L | Stratifi\u00e9 effet bois haute performance - Skema","isPartOf":{"@id":"https:\/\/skema.eu\/fr\/#website"},"primaryImageOfPage":{"@id":"https:\/\/skema.eu\/fr\/collection\/top-level-prestige-l\/#primaryimage"},"image":{"@id":"https:\/\/skema.eu\/fr\/collection\/top-level-prestige-l\/#primaryimage"},"thumbnailUrl":"https:\/\/skema.eu\/wp-content\/uploads\/2025\/04\/SKEMA-LIVING-PRESTIGE-L-HYDRO-168-GREY-OAK-03.jpg","datePublished":"2025-04-18T14:27:46+00:00","dateModified":"2025-04-23T09:10:17+00:00","description":"Parmi les Sols sur\u00e9lev\u00e9s de Skema, vous trouverez TOP LEVEL PRESTIGE L. D\u00e9couvrez d\u00e8s maintenant la collection et toutes ses finitions.","breadcrumb":{"@id":"https:\/\/skema.eu\/fr\/collection\/top-level-prestige-l\/#breadcrumb"},"inLanguage":"fr-FR","potentialAction":[{"@type":"ReadAction","target":["https:\/\/skema.eu\/fr\/collection\/top-level-prestige-l\/"]}]},{"@type":"ImageObject","inLanguage":"fr-FR","@id":"https:\/\/skema.eu\/fr\/collection\/top-level-prestige-l\/#primaryimage","url":"https:\/\/skema.eu\/wp-content\/uploads\/2025\/04\/SKEMA-LIVING-PRESTIGE-L-HYDRO-168-GREY-OAK-03.jpg","contentUrl":"https:\/\/skema.eu\/wp-content\/uploads\/2025\/04\/SKEMA-LIVING-PRESTIGE-L-HYDRO-168-GREY-OAK-03.jpg","width":1920,"height":1440,"caption":"TOP LEVEL PRESTIGE L | Stratifi\u00e9 effet bois haute performance"},{"@type":"BreadcrumbList","@id":"https:\/\/skema.eu\/fr\/collection\/top-level-prestige-l\/#breadcrumb","itemListElement":[{"@type":"ListItem","position":1,"name":"Home","item":"https:\/\/skema.eu\/fr\/"},{"@type":"ListItem","position":2,"name":"Produits","item":"https:\/\/skema.eu\/fr\/shop\/"},{"@type":"ListItem","position":3,"name":"TOP LEVEL PRESTIGE L"}]},{"@type":"WebSite","@id":"https:\/\/skema.eu\/fr\/#website","url":"https:\/\/skema.eu\/fr\/","name":"Skema","description":"Superfici da Vivere","publisher":{"@id":"https:\/\/skema.eu\/fr\/#organization"},"potentialAction":[{"@type":"SearchAction","target":{"@type":"EntryPoint","urlTemplate":"https:\/\/skema.eu\/fr\/?s={search_term_string}"},"query-input":{"@type":"PropertyValueSpecification","valueRequired":true,"valueName":"search_term_string"}}],"inLanguage":"fr-FR"},{"@type":"Organization","@id":"https:\/\/skema.eu\/fr\/#organization","name":"Skema S.p.a Unipersonale","url":"https:\/\/skema.eu\/fr\/","logo":{"@type":"ImageObject","inLanguage":"fr-FR","@id":"https:\/\/skema.eu\/fr\/#\/schema\/logo\/image\/","url":"https:\/\/skema.eu\/wp-content\/uploads\/2025\/04\/copertina-standard-sito_161202517452.webp","contentUrl":"https:\/\/skema.eu\/wp-content\/uploads\/2025\/04\/copertina-standard-sito_161202517452.webp","width":600,"height":424,"caption":"Skema S.p.a Unipersonale"},"image":{"@id":"https:\/\/skema.eu\/fr\/#\/schema\/logo\/image\/"},"sameAs":["https:\/\/www.facebook.com\/skema.eu"]}]}},"_links":{"self":[{"href":"https:\/\/skema.eu\/fr\/wp-json\/wp\/v2\/product\/5594","targetHints":{"allow":["GET"]}}],"collection":[{"href":"https:\/\/skema.eu\/fr\/wp-json\/wp\/v2\/product"}],"about":[{"href":"https:\/\/skema.eu\/fr\/wp-json\/wp\/v2\/types\/product"}],"replies":[{"embeddable":true,"href":"https:\/\/skema.eu\/fr\/wp-json\/wp\/v2\/comments?post=5594"}],"wp:featuredmedia":[{"embeddable":true,"href":"https:\/\/skema.eu\/fr\/wp-json\/wp\/v2\/media\/2713"}],"wp:attachment":[{"href":"https:\/\/skema.eu\/fr\/wp-json\/wp\/v2\/media?parent=5594"}],"wp:term":[{"taxonomy":"ambiente","embeddable":true,"href":"https:\/\/skema.eu\/fr\/wp-json\/wp\/v2\/ambiente?post=5594"},{"taxonomy":"colore","embeddable":true,"href":"https:\/\/skema.eu\/fr\/wp-json\/wp\/v2\/colore?post=5594"},{"taxonomy":"product_brand","embeddable":true,"href":"https:\/\/skema.eu\/fr\/wp-json\/wp\/v2\/product_brand?post=5594"},{"taxonomy":"product_cat","embeddable":true,"href":"https:\/\/skema.eu\/fr\/wp-json\/wp\/v2\/product_cat?post=5594"},{"taxonomy":"product_tag","embeddable":true,"href":"https:\/\/skema.eu\/fr\/wp-json\/wp\/v2\/product_tag?post=5594"}],"curies":[{"name":"wp","href":"https:\/\/api.w.org\/{rel}","templated":true}]}}