{"id":5583,"date":"2025-04-18T16:11:54","date_gmt":"2025-04-18T14:11:54","guid":{"rendered":"http:\/\/skema.eu\/prodotto\/lumbertech-270\/"},"modified":"2025-04-23T11:09:36","modified_gmt":"2025-04-23T09:09:36","slug":"lumbertech-270","status":"publish","type":"product","link":"https:\/\/skema.eu\/fr\/collection\/lumbertech-270\/","title":{"rendered":"LUMBERTECH 270"},"content":{"rendered":"","protected":false},"excerpt":{"rendered":"<p>Lumbertech est la r\u00e9volution contemporaine des surfaces en bois. Du bois authentique renforc\u00e9 dans sa r\u00e9sistance au pi\u00e9tinement et aux impacts gr\u00e2ce \u00e0 la poudre de bois. Une surface technologique qui conf\u00e8re au bois une s\u00e9rie d&#8217;avantages : utilisation r\u00e9duite de la mati\u00e8re premi\u00e8re, r\u00e9sistance aux impacts, id\u00e9ale surtout pour les espaces publics tels que les h\u00f4tels, les magasins et les restaurants, classe \u00e9lev\u00e9e de r\u00e9sistance au feu et r\u00e9sistance \u00e0 la stagnation de l&#8217;eau. La version Lumbertech 270 est propos\u00e9e dans le format 2200x270x11 mm, avec une surface qui peut \u00eatre huil\u00e9e ou peinte.<\/p>\n","protected":false},"featured_media":4713,"comment_status":"closed","ping_status":"closed","template":"","meta":{"_acf_changed":false,"_et_pb_use_builder":"","_et_pb_old_content":"","_et_gb_content_width":"","inline_featured_image":false},"ambiente":[],"colore":[],"product_brand":[],"product_cat":[123],"product_tag":[],"class_list":{"0":"post-5583","1":"product","2":"type-product","3":"status-publish","4":"has-post-thumbnail","6":"product_cat-parquets-en-bois","8":"first","9":"instock","10":"product-type-simple"},"acf":[],"yoast_head":"<!-- This site is optimized with the Yoast SEO plugin v27.1.1 - https:\/\/yoast.com\/product\/yoast-seo-wordpress\/ -->\n<title>LUMBERTECH 270 | Bois am\u00e9lior\u00e9, plus r\u00e9sistant et plus s\u00fbr - Skema<\/title>\n<meta name=\"description\" content=\"Parmi les Parquets en bois de Skema, vous trouverez LUMBERTECH 270. D\u00e9couvrez d\u00e8s maintenant la collection et toutes ses finitions.\" \/>\n<meta name=\"robots\" content=\"index, follow, max-snippet:-1, max-image-preview:large, max-video-preview:-1\" \/>\n<link rel=\"canonical\" href=\"https:\/\/skema.eu\/fr\/collection\/lumbertech-270\/\" \/>\n<meta property=\"og:locale\" content=\"fr_FR\" \/>\n<meta property=\"og:type\" content=\"article\" \/>\n<meta property=\"og:title\" content=\"LUMBERTECH 270 | Bois am\u00e9lior\u00e9, plus r\u00e9sistant et plus s\u00fbr - Skema\" \/>\n<meta property=\"og:description\" content=\"Parmi les Parquets en bois de Skema, vous trouverez LUMBERTECH 270. D\u00e9couvrez d\u00e8s maintenant la collection et toutes ses finitions.\" \/>\n<meta property=\"og:url\" content=\"https:\/\/skema.eu\/fr\/collection\/lumbertech-270\/\" \/>\n<meta property=\"og:site_name\" content=\"Skema\" \/>\n<meta property=\"article:publisher\" content=\"https:\/\/www.facebook.com\/skema.eu\" \/>\n<meta property=\"article:modified_time\" content=\"2025-04-23T09:09:36+00:00\" \/>\n<meta property=\"og:image\" content=\"https:\/\/skema.eu\/wp-content\/uploads\/2025\/04\/SKEMA-LUMBERTECH-270-VARNISH-1439-ROVERE-CASPIO-03-1.jpg\" \/>\n\t<meta property=\"og:image:width\" content=\"1920\" \/>\n\t<meta property=\"og:image:height\" content=\"1440\" \/>\n\t<meta property=\"og:image:type\" content=\"image\/jpeg\" \/>\n<meta name=\"twitter:card\" content=\"summary_large_image\" \/>\n<script type=\"application\/ld+json\" class=\"yoast-schema-graph\">{\"@context\":\"https:\/\/schema.org\",\"@graph\":[{\"@type\":\"WebPage\",\"@id\":\"https:\/\/skema.eu\/fr\/collection\/lumbertech-270\/\",\"url\":\"https:\/\/skema.eu\/fr\/collection\/lumbertech-270\/\",\"name\":\"LUMBERTECH 270 | Bois am\u00e9lior\u00e9, plus r\u00e9sistant et plus s\u00fbr - Skema\",\"isPartOf\":{\"@id\":\"https:\/\/skema.eu\/fr\/#website\"},\"primaryImageOfPage\":{\"@id\":\"https:\/\/skema.eu\/fr\/collection\/lumbertech-270\/#primaryimage\"},\"image\":{\"@id\":\"https:\/\/skema.eu\/fr\/collection\/lumbertech-270\/#primaryimage\"},\"thumbnailUrl\":\"https:\/\/skema.eu\/wp-content\/uploads\/2025\/04\/SKEMA-LUMBERTECH-270-VARNISH-1439-ROVERE-CASPIO-03-1.jpg\",\"datePublished\":\"2025-04-18T14:11:54+00:00\",\"dateModified\":\"2025-04-23T09:09:36+00:00\",\"description\":\"Parmi les Parquets en bois de Skema, vous trouverez LUMBERTECH 270. D\u00e9couvrez d\u00e8s maintenant la collection et toutes ses finitions.\",\"breadcrumb\":{\"@id\":\"https:\/\/skema.eu\/fr\/collection\/lumbertech-270\/#breadcrumb\"},\"inLanguage\":\"fr-FR\",\"potentialAction\":[{\"@type\":\"ReadAction\",\"target\":[\"https:\/\/skema.eu\/fr\/collection\/lumbertech-270\/\"]}]},{\"@type\":\"ImageObject\",\"inLanguage\":\"fr-FR\",\"@id\":\"https:\/\/skema.eu\/fr\/collection\/lumbertech-270\/#primaryimage\",\"url\":\"https:\/\/skema.eu\/wp-content\/uploads\/2025\/04\/SKEMA-LUMBERTECH-270-VARNISH-1439-ROVERE-CASPIO-03-1.jpg\",\"contentUrl\":\"https:\/\/skema.eu\/wp-content\/uploads\/2025\/04\/SKEMA-LUMBERTECH-270-VARNISH-1439-ROVERE-CASPIO-03-1.jpg\",\"width\":1920,\"height\":1440,\"caption\":\"LUMBERTECH 270 | Bois am\u00e9lior\u00e9\"},{\"@type\":\"BreadcrumbList\",\"@id\":\"https:\/\/skema.eu\/fr\/collection\/lumbertech-270\/#breadcrumb\",\"itemListElement\":[{\"@type\":\"ListItem\",\"position\":1,\"name\":\"Home\",\"item\":\"https:\/\/skema.eu\/fr\/\"},{\"@type\":\"ListItem\",\"position\":2,\"name\":\"Produits\",\"item\":\"https:\/\/skema.eu\/fr\/shop\/\"},{\"@type\":\"ListItem\",\"position\":3,\"name\":\"LUMBERTECH 270\"}]},{\"@type\":\"WebSite\",\"@id\":\"https:\/\/skema.eu\/fr\/#website\",\"url\":\"https:\/\/skema.eu\/fr\/\",\"name\":\"Skema\",\"description\":\"Superfici da Vivere\",\"publisher\":{\"@id\":\"https:\/\/skema.eu\/fr\/#organization\"},\"potentialAction\":[{\"@type\":\"SearchAction\",\"target\":{\"@type\":\"EntryPoint\",\"urlTemplate\":\"https:\/\/skema.eu\/fr\/?s={search_term_string}\"},\"query-input\":{\"@type\":\"PropertyValueSpecification\",\"valueRequired\":true,\"valueName\":\"search_term_string\"}}],\"inLanguage\":\"fr-FR\"},{\"@type\":\"Organization\",\"@id\":\"https:\/\/skema.eu\/fr\/#organization\",\"name\":\"Skema S.p.a Unipersonale\",\"url\":\"https:\/\/skema.eu\/fr\/\",\"logo\":{\"@type\":\"ImageObject\",\"inLanguage\":\"fr-FR\",\"@id\":\"https:\/\/skema.eu\/fr\/#\/schema\/logo\/image\/\",\"url\":\"https:\/\/skema.eu\/wp-content\/uploads\/2025\/04\/copertina-standard-sito_161202517452.webp\",\"contentUrl\":\"https:\/\/skema.eu\/wp-content\/uploads\/2025\/04\/copertina-standard-sito_161202517452.webp\",\"width\":600,\"height\":424,\"caption\":\"Skema S.p.a Unipersonale\"},\"image\":{\"@id\":\"https:\/\/skema.eu\/fr\/#\/schema\/logo\/image\/\"},\"sameAs\":[\"https:\/\/www.facebook.com\/skema.eu\"]}]}<\/script>\n<!-- \/ Yoast SEO plugin. -->","yoast_head_json":{"title":"LUMBERTECH 270 | Bois am\u00e9lior\u00e9, plus r\u00e9sistant et plus s\u00fbr - Skema","description":"Parmi les Parquets en bois de Skema, vous trouverez LUMBERTECH 270. D\u00e9couvrez d\u00e8s maintenant la collection et toutes ses finitions.","robots":{"index":"index","follow":"follow","max-snippet":"max-snippet:-1","max-image-preview":"max-image-preview:large","max-video-preview":"max-video-preview:-1"},"canonical":"https:\/\/skema.eu\/fr\/collection\/lumbertech-270\/","og_locale":"fr_FR","og_type":"article","og_title":"LUMBERTECH 270 | Bois am\u00e9lior\u00e9, plus r\u00e9sistant et plus s\u00fbr - Skema","og_description":"Parmi les Parquets en bois de Skema, vous trouverez LUMBERTECH 270. D\u00e9couvrez d\u00e8s maintenant la collection et toutes ses finitions.","og_url":"https:\/\/skema.eu\/fr\/collection\/lumbertech-270\/","og_site_name":"Skema","article_publisher":"https:\/\/www.facebook.com\/skema.eu","article_modified_time":"2025-04-23T09:09:36+00:00","og_image":[{"width":1920,"height":1440,"url":"https:\/\/skema.eu\/wp-content\/uploads\/2025\/04\/SKEMA-LUMBERTECH-270-VARNISH-1439-ROVERE-CASPIO-03-1.jpg","type":"image\/jpeg"}],"twitter_card":"summary_large_image","schema":{"@context":"https:\/\/schema.org","@graph":[{"@type":"WebPage","@id":"https:\/\/skema.eu\/fr\/collection\/lumbertech-270\/","url":"https:\/\/skema.eu\/fr\/collection\/lumbertech-270\/","name":"LUMBERTECH 270 | Bois am\u00e9lior\u00e9, plus r\u00e9sistant et plus s\u00fbr - Skema","isPartOf":{"@id":"https:\/\/skema.eu\/fr\/#website"},"primaryImageOfPage":{"@id":"https:\/\/skema.eu\/fr\/collection\/lumbertech-270\/#primaryimage"},"image":{"@id":"https:\/\/skema.eu\/fr\/collection\/lumbertech-270\/#primaryimage"},"thumbnailUrl":"https:\/\/skema.eu\/wp-content\/uploads\/2025\/04\/SKEMA-LUMBERTECH-270-VARNISH-1439-ROVERE-CASPIO-03-1.jpg","datePublished":"2025-04-18T14:11:54+00:00","dateModified":"2025-04-23T09:09:36+00:00","description":"Parmi les Parquets en bois de Skema, vous trouverez LUMBERTECH 270. D\u00e9couvrez d\u00e8s maintenant la collection et toutes ses finitions.","breadcrumb":{"@id":"https:\/\/skema.eu\/fr\/collection\/lumbertech-270\/#breadcrumb"},"inLanguage":"fr-FR","potentialAction":[{"@type":"ReadAction","target":["https:\/\/skema.eu\/fr\/collection\/lumbertech-270\/"]}]},{"@type":"ImageObject","inLanguage":"fr-FR","@id":"https:\/\/skema.eu\/fr\/collection\/lumbertech-270\/#primaryimage","url":"https:\/\/skema.eu\/wp-content\/uploads\/2025\/04\/SKEMA-LUMBERTECH-270-VARNISH-1439-ROVERE-CASPIO-03-1.jpg","contentUrl":"https:\/\/skema.eu\/wp-content\/uploads\/2025\/04\/SKEMA-LUMBERTECH-270-VARNISH-1439-ROVERE-CASPIO-03-1.jpg","width":1920,"height":1440,"caption":"LUMBERTECH 270 | Bois am\u00e9lior\u00e9"},{"@type":"BreadcrumbList","@id":"https:\/\/skema.eu\/fr\/collection\/lumbertech-270\/#breadcrumb","itemListElement":[{"@type":"ListItem","position":1,"name":"Home","item":"https:\/\/skema.eu\/fr\/"},{"@type":"ListItem","position":2,"name":"Produits","item":"https:\/\/skema.eu\/fr\/shop\/"},{"@type":"ListItem","position":3,"name":"LUMBERTECH 270"}]},{"@type":"WebSite","@id":"https:\/\/skema.eu\/fr\/#website","url":"https:\/\/skema.eu\/fr\/","name":"Skema","description":"Superfici da Vivere","publisher":{"@id":"https:\/\/skema.eu\/fr\/#organization"},"potentialAction":[{"@type":"SearchAction","target":{"@type":"EntryPoint","urlTemplate":"https:\/\/skema.eu\/fr\/?s={search_term_string}"},"query-input":{"@type":"PropertyValueSpecification","valueRequired":true,"valueName":"search_term_string"}}],"inLanguage":"fr-FR"},{"@type":"Organization","@id":"https:\/\/skema.eu\/fr\/#organization","name":"Skema S.p.a Unipersonale","url":"https:\/\/skema.eu\/fr\/","logo":{"@type":"ImageObject","inLanguage":"fr-FR","@id":"https:\/\/skema.eu\/fr\/#\/schema\/logo\/image\/","url":"https:\/\/skema.eu\/wp-content\/uploads\/2025\/04\/copertina-standard-sito_161202517452.webp","contentUrl":"https:\/\/skema.eu\/wp-content\/uploads\/2025\/04\/copertina-standard-sito_161202517452.webp","width":600,"height":424,"caption":"Skema S.p.a Unipersonale"},"image":{"@id":"https:\/\/skema.eu\/fr\/#\/schema\/logo\/image\/"},"sameAs":["https:\/\/www.facebook.com\/skema.eu"]}]}},"_links":{"self":[{"href":"https:\/\/skema.eu\/fr\/wp-json\/wp\/v2\/product\/5583","targetHints":{"allow":["GET"]}}],"collection":[{"href":"https:\/\/skema.eu\/fr\/wp-json\/wp\/v2\/product"}],"about":[{"href":"https:\/\/skema.eu\/fr\/wp-json\/wp\/v2\/types\/product"}],"replies":[{"embeddable":true,"href":"https:\/\/skema.eu\/fr\/wp-json\/wp\/v2\/comments?post=5583"}],"wp:featuredmedia":[{"embeddable":true,"href":"https:\/\/skema.eu\/fr\/wp-json\/wp\/v2\/media\/4713"}],"wp:attachment":[{"href":"https:\/\/skema.eu\/fr\/wp-json\/wp\/v2\/media?parent=5583"}],"wp:term":[{"taxonomy":"ambiente","embeddable":true,"href":"https:\/\/skema.eu\/fr\/wp-json\/wp\/v2\/ambiente?post=5583"},{"taxonomy":"colore","embeddable":true,"href":"https:\/\/skema.eu\/fr\/wp-json\/wp\/v2\/colore?post=5583"},{"taxonomy":"product_brand","embeddable":true,"href":"https:\/\/skema.eu\/fr\/wp-json\/wp\/v2\/product_brand?post=5583"},{"taxonomy":"product_cat","embeddable":true,"href":"https:\/\/skema.eu\/fr\/wp-json\/wp\/v2\/product_cat?post=5583"},{"taxonomy":"product_tag","embeddable":true,"href":"https:\/\/skema.eu\/fr\/wp-json\/wp\/v2\/product_tag?post=5583"}],"curies":[{"name":"wp","href":"https:\/\/api.w.org\/{rel}","templated":true}]}}