{"id":5578,"date":"2025-05-28T14:06:59","date_gmt":"2025-05-28T12:06:59","guid":{"rendered":"http:\/\/skema.eu\/prodotto\/star-kr\/"},"modified":"2025-04-23T11:09:15","modified_gmt":"2025-04-23T09:09:15","slug":"star-kr","status":"publish","type":"product","link":"https:\/\/skema.eu\/fr\/collection\/star-kr\/","title":{"rendered":"STAR KR"},"content":{"rendered":"","protected":false},"excerpt":{"rendered":"<p>Star KR est la collection dont la surface est dot\u00e9e d&#8217;une technologie de rep\u00e9rage qui renforce le r\u00e9alisme des rev\u00eatements de sol \u00e0 effet de bois. L&#8217;esth\u00e9tique pr\u00e9cise est soulign\u00e9e par la surface ultra-mate, les couleurs parfaites et le naturel de la finition propre et sans n\u0153uds. Ces caract\u00e9ristiques sont associ\u00e9es aux performances \u00e9lev\u00e9es du SPC : imperm\u00e9abilit\u00e9, stabilit\u00e9 dimensionnelle, sous-couche acoustique pr\u00e9-coupl\u00e9e et anti-d\u00e9rapant.<\/p>\n","protected":false},"featured_media":3992,"comment_status":"closed","ping_status":"closed","template":"","meta":{"_acf_changed":false,"_et_pb_use_builder":"","_et_pb_old_content":"","_et_gb_content_width":"","inline_featured_image":false},"ambiente":[],"colore":[],"product_brand":[],"product_cat":[122],"product_tag":[],"class_list":{"0":"post-5578","1":"product","2":"type-product","3":"status-publish","4":"has-post-thumbnail","6":"product_cat-sols-en-spc","8":"first","9":"instock","10":"product-type-simple"},"acf":[],"yoast_head":"<!-- This site is optimized with the Yoast SEO plugin v27.1.1 - https:\/\/yoast.com\/product\/yoast-seo-wordpress\/ -->\n<title>STAR KR | Sol technique \u00e0 l&#039;esth\u00e9tique raffin\u00e9e - Skema<\/title>\n<meta name=\"description\" content=\"Parmi les Sols en SPC de Skema, vous trouverez STAR KR. D\u00e9couvrez d\u00e8s maintenant la collection et toutes ses finitions.\" \/>\n<meta name=\"robots\" content=\"index, follow, max-snippet:-1, max-image-preview:large, max-video-preview:-1\" \/>\n<link rel=\"canonical\" href=\"https:\/\/skema.eu\/fr\/collection\/star-kr\/\" \/>\n<meta property=\"og:locale\" content=\"fr_FR\" \/>\n<meta property=\"og:type\" content=\"article\" \/>\n<meta property=\"og:title\" content=\"STAR KR | Sol technique \u00e0 l&#039;esth\u00e9tique raffin\u00e9e - Skema\" \/>\n<meta property=\"og:description\" content=\"Parmi les Sols en SPC de Skema, vous trouverez STAR KR. D\u00e9couvrez d\u00e8s maintenant la collection et toutes ses finitions.\" \/>\n<meta property=\"og:url\" content=\"https:\/\/skema.eu\/fr\/collection\/star-kr\/\" \/>\n<meta property=\"og:site_name\" content=\"Skema\" \/>\n<meta property=\"article:publisher\" content=\"https:\/\/www.facebook.com\/skema.eu\" \/>\n<meta property=\"og:image\" content=\"https:\/\/skema.eu\/wp-content\/uploads\/2025\/04\/Da-Catalogo-Spc-Star.kr-Rovere-Terranova.jpg\" \/>\n\t<meta property=\"og:image:width\" content=\"1920\" \/>\n\t<meta property=\"og:image:height\" content=\"1280\" \/>\n\t<meta property=\"og:image:type\" content=\"image\/jpeg\" \/>\n<meta name=\"twitter:card\" content=\"summary_large_image\" \/>\n<script type=\"application\/ld+json\" class=\"yoast-schema-graph\">{\"@context\":\"https:\/\/schema.org\",\"@graph\":[{\"@type\":\"WebPage\",\"@id\":\"https:\/\/skema.eu\/fr\/collection\/star-kr\/\",\"url\":\"https:\/\/skema.eu\/fr\/collection\/star-kr\/\",\"name\":\"STAR KR | Sol technique \u00e0 l'esth\u00e9tique raffin\u00e9e - Skema\",\"isPartOf\":{\"@id\":\"https:\/\/skema.eu\/fr\/#website\"},\"primaryImageOfPage\":{\"@id\":\"https:\/\/skema.eu\/fr\/collection\/star-kr\/#primaryimage\"},\"image\":{\"@id\":\"https:\/\/skema.eu\/fr\/collection\/star-kr\/#primaryimage\"},\"thumbnailUrl\":\"https:\/\/skema.eu\/wp-content\/uploads\/2025\/04\/Da-Catalogo-Spc-Star.kr-Rovere-Terranova.jpg\",\"datePublished\":\"2025-05-28T12:06:59+00:00\",\"description\":\"Parmi les Sols en SPC de Skema, vous trouverez STAR KR. D\u00e9couvrez d\u00e8s maintenant la collection et toutes ses finitions.\",\"breadcrumb\":{\"@id\":\"https:\/\/skema.eu\/fr\/collection\/star-kr\/#breadcrumb\"},\"inLanguage\":\"fr-FR\",\"potentialAction\":[{\"@type\":\"ReadAction\",\"target\":[\"https:\/\/skema.eu\/fr\/collection\/star-kr\/\"]}]},{\"@type\":\"ImageObject\",\"inLanguage\":\"fr-FR\",\"@id\":\"https:\/\/skema.eu\/fr\/collection\/star-kr\/#primaryimage\",\"url\":\"https:\/\/skema.eu\/wp-content\/uploads\/2025\/04\/Da-Catalogo-Spc-Star.kr-Rovere-Terranova.jpg\",\"contentUrl\":\"https:\/\/skema.eu\/wp-content\/uploads\/2025\/04\/Da-Catalogo-Spc-Star.kr-Rovere-Terranova.jpg\",\"width\":1920,\"height\":1280},{\"@type\":\"BreadcrumbList\",\"@id\":\"https:\/\/skema.eu\/fr\/collection\/star-kr\/#breadcrumb\",\"itemListElement\":[{\"@type\":\"ListItem\",\"position\":1,\"name\":\"Home\",\"item\":\"https:\/\/skema.eu\/fr\/\"},{\"@type\":\"ListItem\",\"position\":2,\"name\":\"Produits\",\"item\":\"https:\/\/skema.eu\/fr\/shop\/\"},{\"@type\":\"ListItem\",\"position\":3,\"name\":\"STAR KR\"}]},{\"@type\":\"WebSite\",\"@id\":\"https:\/\/skema.eu\/fr\/#website\",\"url\":\"https:\/\/skema.eu\/fr\/\",\"name\":\"Skema\",\"description\":\"Superfici da Vivere\",\"publisher\":{\"@id\":\"https:\/\/skema.eu\/fr\/#organization\"},\"potentialAction\":[{\"@type\":\"SearchAction\",\"target\":{\"@type\":\"EntryPoint\",\"urlTemplate\":\"https:\/\/skema.eu\/fr\/?s={search_term_string}\"},\"query-input\":{\"@type\":\"PropertyValueSpecification\",\"valueRequired\":true,\"valueName\":\"search_term_string\"}}],\"inLanguage\":\"fr-FR\"},{\"@type\":\"Organization\",\"@id\":\"https:\/\/skema.eu\/fr\/#organization\",\"name\":\"Skema S.p.a Unipersonale\",\"url\":\"https:\/\/skema.eu\/fr\/\",\"logo\":{\"@type\":\"ImageObject\",\"inLanguage\":\"fr-FR\",\"@id\":\"https:\/\/skema.eu\/fr\/#\/schema\/logo\/image\/\",\"url\":\"https:\/\/skema.eu\/wp-content\/uploads\/2025\/04\/copertina-standard-sito_161202517452.webp\",\"contentUrl\":\"https:\/\/skema.eu\/wp-content\/uploads\/2025\/04\/copertina-standard-sito_161202517452.webp\",\"width\":600,\"height\":424,\"caption\":\"Skema S.p.a Unipersonale\"},\"image\":{\"@id\":\"https:\/\/skema.eu\/fr\/#\/schema\/logo\/image\/\"},\"sameAs\":[\"https:\/\/www.facebook.com\/skema.eu\"]}]}<\/script>\n<!-- \/ Yoast SEO plugin. -->","yoast_head_json":{"title":"STAR KR | Sol technique \u00e0 l'esth\u00e9tique raffin\u00e9e - Skema","description":"Parmi les Sols en SPC de Skema, vous trouverez STAR KR. D\u00e9couvrez d\u00e8s maintenant la collection et toutes ses finitions.","robots":{"index":"index","follow":"follow","max-snippet":"max-snippet:-1","max-image-preview":"max-image-preview:large","max-video-preview":"max-video-preview:-1"},"canonical":"https:\/\/skema.eu\/fr\/collection\/star-kr\/","og_locale":"fr_FR","og_type":"article","og_title":"STAR KR | Sol technique \u00e0 l'esth\u00e9tique raffin\u00e9e - Skema","og_description":"Parmi les Sols en SPC de Skema, vous trouverez STAR KR. D\u00e9couvrez d\u00e8s maintenant la collection et toutes ses finitions.","og_url":"https:\/\/skema.eu\/fr\/collection\/star-kr\/","og_site_name":"Skema","article_publisher":"https:\/\/www.facebook.com\/skema.eu","og_image":[{"width":1920,"height":1280,"url":"https:\/\/skema.eu\/wp-content\/uploads\/2025\/04\/Da-Catalogo-Spc-Star.kr-Rovere-Terranova.jpg","type":"image\/jpeg"}],"twitter_card":"summary_large_image","schema":{"@context":"https:\/\/schema.org","@graph":[{"@type":"WebPage","@id":"https:\/\/skema.eu\/fr\/collection\/star-kr\/","url":"https:\/\/skema.eu\/fr\/collection\/star-kr\/","name":"STAR KR | Sol technique \u00e0 l'esth\u00e9tique raffin\u00e9e - Skema","isPartOf":{"@id":"https:\/\/skema.eu\/fr\/#website"},"primaryImageOfPage":{"@id":"https:\/\/skema.eu\/fr\/collection\/star-kr\/#primaryimage"},"image":{"@id":"https:\/\/skema.eu\/fr\/collection\/star-kr\/#primaryimage"},"thumbnailUrl":"https:\/\/skema.eu\/wp-content\/uploads\/2025\/04\/Da-Catalogo-Spc-Star.kr-Rovere-Terranova.jpg","datePublished":"2025-05-28T12:06:59+00:00","description":"Parmi les Sols en SPC de Skema, vous trouverez STAR KR. D\u00e9couvrez d\u00e8s maintenant la collection et toutes ses finitions.","breadcrumb":{"@id":"https:\/\/skema.eu\/fr\/collection\/star-kr\/#breadcrumb"},"inLanguage":"fr-FR","potentialAction":[{"@type":"ReadAction","target":["https:\/\/skema.eu\/fr\/collection\/star-kr\/"]}]},{"@type":"ImageObject","inLanguage":"fr-FR","@id":"https:\/\/skema.eu\/fr\/collection\/star-kr\/#primaryimage","url":"https:\/\/skema.eu\/wp-content\/uploads\/2025\/04\/Da-Catalogo-Spc-Star.kr-Rovere-Terranova.jpg","contentUrl":"https:\/\/skema.eu\/wp-content\/uploads\/2025\/04\/Da-Catalogo-Spc-Star.kr-Rovere-Terranova.jpg","width":1920,"height":1280},{"@type":"BreadcrumbList","@id":"https:\/\/skema.eu\/fr\/collection\/star-kr\/#breadcrumb","itemListElement":[{"@type":"ListItem","position":1,"name":"Home","item":"https:\/\/skema.eu\/fr\/"},{"@type":"ListItem","position":2,"name":"Produits","item":"https:\/\/skema.eu\/fr\/shop\/"},{"@type":"ListItem","position":3,"name":"STAR KR"}]},{"@type":"WebSite","@id":"https:\/\/skema.eu\/fr\/#website","url":"https:\/\/skema.eu\/fr\/","name":"Skema","description":"Superfici da Vivere","publisher":{"@id":"https:\/\/skema.eu\/fr\/#organization"},"potentialAction":[{"@type":"SearchAction","target":{"@type":"EntryPoint","urlTemplate":"https:\/\/skema.eu\/fr\/?s={search_term_string}"},"query-input":{"@type":"PropertyValueSpecification","valueRequired":true,"valueName":"search_term_string"}}],"inLanguage":"fr-FR"},{"@type":"Organization","@id":"https:\/\/skema.eu\/fr\/#organization","name":"Skema S.p.a Unipersonale","url":"https:\/\/skema.eu\/fr\/","logo":{"@type":"ImageObject","inLanguage":"fr-FR","@id":"https:\/\/skema.eu\/fr\/#\/schema\/logo\/image\/","url":"https:\/\/skema.eu\/wp-content\/uploads\/2025\/04\/copertina-standard-sito_161202517452.webp","contentUrl":"https:\/\/skema.eu\/wp-content\/uploads\/2025\/04\/copertina-standard-sito_161202517452.webp","width":600,"height":424,"caption":"Skema S.p.a Unipersonale"},"image":{"@id":"https:\/\/skema.eu\/fr\/#\/schema\/logo\/image\/"},"sameAs":["https:\/\/www.facebook.com\/skema.eu"]}]}},"_links":{"self":[{"href":"https:\/\/skema.eu\/fr\/wp-json\/wp\/v2\/product\/5578","targetHints":{"allow":["GET"]}}],"collection":[{"href":"https:\/\/skema.eu\/fr\/wp-json\/wp\/v2\/product"}],"about":[{"href":"https:\/\/skema.eu\/fr\/wp-json\/wp\/v2\/types\/product"}],"replies":[{"embeddable":true,"href":"https:\/\/skema.eu\/fr\/wp-json\/wp\/v2\/comments?post=5578"}],"wp:featuredmedia":[{"embeddable":true,"href":"https:\/\/skema.eu\/fr\/wp-json\/wp\/v2\/media\/3992"}],"wp:attachment":[{"href":"https:\/\/skema.eu\/fr\/wp-json\/wp\/v2\/media?parent=5578"}],"wp:term":[{"taxonomy":"ambiente","embeddable":true,"href":"https:\/\/skema.eu\/fr\/wp-json\/wp\/v2\/ambiente?post=5578"},{"taxonomy":"colore","embeddable":true,"href":"https:\/\/skema.eu\/fr\/wp-json\/wp\/v2\/colore?post=5578"},{"taxonomy":"product_brand","embeddable":true,"href":"https:\/\/skema.eu\/fr\/wp-json\/wp\/v2\/product_brand?post=5578"},{"taxonomy":"product_cat","embeddable":true,"href":"https:\/\/skema.eu\/fr\/wp-json\/wp\/v2\/product_cat?post=5578"},{"taxonomy":"product_tag","embeddable":true,"href":"https:\/\/skema.eu\/fr\/wp-json\/wp\/v2\/product_tag?post=5578"}],"curies":[{"name":"wp","href":"https:\/\/api.w.org\/{rel}","templated":true}]}}