{"id":5577,"date":"2025-04-18T16:04:11","date_gmt":"2025-04-18T14:04:11","guid":{"rendered":"http:\/\/skema.eu\/prodotto\/star-k\/"},"modified":"2025-04-23T11:09:13","modified_gmt":"2025-04-23T09:09:13","slug":"star-k","status":"publish","type":"product","link":"https:\/\/skema.eu\/fr\/collection\/star-k\/","title":{"rendered":"STAR K"},"content":{"rendered":"","protected":false},"excerpt":{"rendered":"<p>Star K, le best-seller de Skema, est un rev\u00eatement de sol avec un d\u00e9cor bois et de grandes planches avec une excellente stabilit\u00e9 dimensionnelle. Tr\u00e8s r\u00e9sistant \u00e0 l&#8217;usure,<br \/>\nest id\u00e9al pour les environnements \u00e0 fort trafic. Totalement imperm\u00e9able et antid\u00e9rapant, il peut \u00eatre install\u00e9 dans des environnements tels que les salles de bains, les spas et les salles de sport.<\/p>\n","protected":false},"featured_media":3877,"comment_status":"closed","ping_status":"closed","template":"","meta":{"_acf_changed":false,"_et_pb_use_builder":"","_et_pb_old_content":"","_et_gb_content_width":"","inline_featured_image":false},"ambiente":[],"colore":[],"product_brand":[],"product_cat":[122],"product_tag":[],"class_list":{"0":"post-5577","1":"product","2":"type-product","3":"status-publish","4":"has-post-thumbnail","6":"product_cat-sols-en-spc","8":"first","9":"instock","10":"product-type-simple"},"acf":[],"yoast_head":"<!-- This site is optimized with the Yoast SEO plugin v27.1.1 - https:\/\/yoast.com\/product\/yoast-seo-wordpress\/ -->\n<title>STAR K | Effet bois, imperm\u00e9able et grand format - Skema<\/title>\n<meta name=\"description\" content=\"Parmi les Sols en SPC de Skema, vous trouverez STAR K. D\u00e9couvrez d\u00e8s maintenant la collection et toutes ses finitions.\" \/>\n<meta name=\"robots\" content=\"index, follow, max-snippet:-1, max-image-preview:large, max-video-preview:-1\" \/>\n<link rel=\"canonical\" href=\"https:\/\/skema.eu\/fr\/collection\/star-k\/\" \/>\n<meta property=\"og:locale\" content=\"fr_FR\" \/>\n<meta property=\"og:type\" content=\"article\" \/>\n<meta property=\"og:title\" content=\"STAR K | Effet bois, imperm\u00e9able et grand format - Skema\" \/>\n<meta property=\"og:description\" content=\"Parmi les Sols en SPC de Skema, vous trouverez STAR K. D\u00e9couvrez d\u00e8s maintenant la collection et toutes ses finitions.\" \/>\n<meta property=\"og:url\" content=\"https:\/\/skema.eu\/fr\/collection\/star-k\/\" \/>\n<meta property=\"og:site_name\" content=\"Skema\" \/>\n<meta property=\"article:publisher\" content=\"https:\/\/www.facebook.com\/skema.eu\" \/>\n<meta property=\"article:modified_time\" content=\"2025-04-23T09:09:13+00:00\" \/>\n<meta property=\"og:image\" content=\"https:\/\/skema.eu\/wp-content\/uploads\/2025\/04\/SKEMA-SPC-STAR-K-1205-BARCELLONA-01.jpg\" \/>\n\t<meta property=\"og:image:width\" content=\"1920\" \/>\n\t<meta property=\"og:image:height\" content=\"1440\" \/>\n\t<meta property=\"og:image:type\" content=\"image\/jpeg\" \/>\n<meta name=\"twitter:card\" content=\"summary_large_image\" \/>\n<script type=\"application\/ld+json\" class=\"yoast-schema-graph\">{\"@context\":\"https:\/\/schema.org\",\"@graph\":[{\"@type\":\"WebPage\",\"@id\":\"https:\/\/skema.eu\/fr\/collection\/star-k\/\",\"url\":\"https:\/\/skema.eu\/fr\/collection\/star-k\/\",\"name\":\"STAR K | Effet bois, imperm\u00e9able et grand format - Skema\",\"isPartOf\":{\"@id\":\"https:\/\/skema.eu\/fr\/#website\"},\"primaryImageOfPage\":{\"@id\":\"https:\/\/skema.eu\/fr\/collection\/star-k\/#primaryimage\"},\"image\":{\"@id\":\"https:\/\/skema.eu\/fr\/collection\/star-k\/#primaryimage\"},\"thumbnailUrl\":\"https:\/\/skema.eu\/wp-content\/uploads\/2025\/04\/SKEMA-SPC-STAR-K-1205-BARCELLONA-01.jpg\",\"datePublished\":\"2025-04-18T14:04:11+00:00\",\"dateModified\":\"2025-04-23T09:09:13+00:00\",\"description\":\"Parmi les Sols en SPC de Skema, vous trouverez STAR K. D\u00e9couvrez d\u00e8s maintenant la collection et toutes ses finitions.\",\"breadcrumb\":{\"@id\":\"https:\/\/skema.eu\/fr\/collection\/star-k\/#breadcrumb\"},\"inLanguage\":\"fr-FR\",\"potentialAction\":[{\"@type\":\"ReadAction\",\"target\":[\"https:\/\/skema.eu\/fr\/collection\/star-k\/\"]}]},{\"@type\":\"ImageObject\",\"inLanguage\":\"fr-FR\",\"@id\":\"https:\/\/skema.eu\/fr\/collection\/star-k\/#primaryimage\",\"url\":\"https:\/\/skema.eu\/wp-content\/uploads\/2025\/04\/SKEMA-SPC-STAR-K-1205-BARCELLONA-01.jpg\",\"contentUrl\":\"https:\/\/skema.eu\/wp-content\/uploads\/2025\/04\/SKEMA-SPC-STAR-K-1205-BARCELLONA-01.jpg\",\"width\":1920,\"height\":1440,\"caption\":\"STAR K | Effet bois\"},{\"@type\":\"BreadcrumbList\",\"@id\":\"https:\/\/skema.eu\/fr\/collection\/star-k\/#breadcrumb\",\"itemListElement\":[{\"@type\":\"ListItem\",\"position\":1,\"name\":\"Home\",\"item\":\"https:\/\/skema.eu\/fr\/\"},{\"@type\":\"ListItem\",\"position\":2,\"name\":\"Produits\",\"item\":\"https:\/\/skema.eu\/fr\/shop\/\"},{\"@type\":\"ListItem\",\"position\":3,\"name\":\"STAR K\"}]},{\"@type\":\"WebSite\",\"@id\":\"https:\/\/skema.eu\/fr\/#website\",\"url\":\"https:\/\/skema.eu\/fr\/\",\"name\":\"Skema\",\"description\":\"Superfici da Vivere\",\"publisher\":{\"@id\":\"https:\/\/skema.eu\/fr\/#organization\"},\"potentialAction\":[{\"@type\":\"SearchAction\",\"target\":{\"@type\":\"EntryPoint\",\"urlTemplate\":\"https:\/\/skema.eu\/fr\/?s={search_term_string}\"},\"query-input\":{\"@type\":\"PropertyValueSpecification\",\"valueRequired\":true,\"valueName\":\"search_term_string\"}}],\"inLanguage\":\"fr-FR\"},{\"@type\":\"Organization\",\"@id\":\"https:\/\/skema.eu\/fr\/#organization\",\"name\":\"Skema S.p.a Unipersonale\",\"url\":\"https:\/\/skema.eu\/fr\/\",\"logo\":{\"@type\":\"ImageObject\",\"inLanguage\":\"fr-FR\",\"@id\":\"https:\/\/skema.eu\/fr\/#\/schema\/logo\/image\/\",\"url\":\"https:\/\/skema.eu\/wp-content\/uploads\/2025\/04\/copertina-standard-sito_161202517452.webp\",\"contentUrl\":\"https:\/\/skema.eu\/wp-content\/uploads\/2025\/04\/copertina-standard-sito_161202517452.webp\",\"width\":600,\"height\":424,\"caption\":\"Skema S.p.a Unipersonale\"},\"image\":{\"@id\":\"https:\/\/skema.eu\/fr\/#\/schema\/logo\/image\/\"},\"sameAs\":[\"https:\/\/www.facebook.com\/skema.eu\"]}]}<\/script>\n<!-- \/ Yoast SEO plugin. -->","yoast_head_json":{"title":"STAR K | Effet bois, imperm\u00e9able et grand format - Skema","description":"Parmi les Sols en SPC de Skema, vous trouverez STAR K. D\u00e9couvrez d\u00e8s maintenant la collection et toutes ses finitions.","robots":{"index":"index","follow":"follow","max-snippet":"max-snippet:-1","max-image-preview":"max-image-preview:large","max-video-preview":"max-video-preview:-1"},"canonical":"https:\/\/skema.eu\/fr\/collection\/star-k\/","og_locale":"fr_FR","og_type":"article","og_title":"STAR K | Effet bois, imperm\u00e9able et grand format - Skema","og_description":"Parmi les Sols en SPC de Skema, vous trouverez STAR K. D\u00e9couvrez d\u00e8s maintenant la collection et toutes ses finitions.","og_url":"https:\/\/skema.eu\/fr\/collection\/star-k\/","og_site_name":"Skema","article_publisher":"https:\/\/www.facebook.com\/skema.eu","article_modified_time":"2025-04-23T09:09:13+00:00","og_image":[{"width":1920,"height":1440,"url":"https:\/\/skema.eu\/wp-content\/uploads\/2025\/04\/SKEMA-SPC-STAR-K-1205-BARCELLONA-01.jpg","type":"image\/jpeg"}],"twitter_card":"summary_large_image","schema":{"@context":"https:\/\/schema.org","@graph":[{"@type":"WebPage","@id":"https:\/\/skema.eu\/fr\/collection\/star-k\/","url":"https:\/\/skema.eu\/fr\/collection\/star-k\/","name":"STAR K | Effet bois, imperm\u00e9able et grand format - Skema","isPartOf":{"@id":"https:\/\/skema.eu\/fr\/#website"},"primaryImageOfPage":{"@id":"https:\/\/skema.eu\/fr\/collection\/star-k\/#primaryimage"},"image":{"@id":"https:\/\/skema.eu\/fr\/collection\/star-k\/#primaryimage"},"thumbnailUrl":"https:\/\/skema.eu\/wp-content\/uploads\/2025\/04\/SKEMA-SPC-STAR-K-1205-BARCELLONA-01.jpg","datePublished":"2025-04-18T14:04:11+00:00","dateModified":"2025-04-23T09:09:13+00:00","description":"Parmi les Sols en SPC de Skema, vous trouverez STAR K. D\u00e9couvrez d\u00e8s maintenant la collection et toutes ses finitions.","breadcrumb":{"@id":"https:\/\/skema.eu\/fr\/collection\/star-k\/#breadcrumb"},"inLanguage":"fr-FR","potentialAction":[{"@type":"ReadAction","target":["https:\/\/skema.eu\/fr\/collection\/star-k\/"]}]},{"@type":"ImageObject","inLanguage":"fr-FR","@id":"https:\/\/skema.eu\/fr\/collection\/star-k\/#primaryimage","url":"https:\/\/skema.eu\/wp-content\/uploads\/2025\/04\/SKEMA-SPC-STAR-K-1205-BARCELLONA-01.jpg","contentUrl":"https:\/\/skema.eu\/wp-content\/uploads\/2025\/04\/SKEMA-SPC-STAR-K-1205-BARCELLONA-01.jpg","width":1920,"height":1440,"caption":"STAR K | Effet bois"},{"@type":"BreadcrumbList","@id":"https:\/\/skema.eu\/fr\/collection\/star-k\/#breadcrumb","itemListElement":[{"@type":"ListItem","position":1,"name":"Home","item":"https:\/\/skema.eu\/fr\/"},{"@type":"ListItem","position":2,"name":"Produits","item":"https:\/\/skema.eu\/fr\/shop\/"},{"@type":"ListItem","position":3,"name":"STAR K"}]},{"@type":"WebSite","@id":"https:\/\/skema.eu\/fr\/#website","url":"https:\/\/skema.eu\/fr\/","name":"Skema","description":"Superfici da Vivere","publisher":{"@id":"https:\/\/skema.eu\/fr\/#organization"},"potentialAction":[{"@type":"SearchAction","target":{"@type":"EntryPoint","urlTemplate":"https:\/\/skema.eu\/fr\/?s={search_term_string}"},"query-input":{"@type":"PropertyValueSpecification","valueRequired":true,"valueName":"search_term_string"}}],"inLanguage":"fr-FR"},{"@type":"Organization","@id":"https:\/\/skema.eu\/fr\/#organization","name":"Skema S.p.a Unipersonale","url":"https:\/\/skema.eu\/fr\/","logo":{"@type":"ImageObject","inLanguage":"fr-FR","@id":"https:\/\/skema.eu\/fr\/#\/schema\/logo\/image\/","url":"https:\/\/skema.eu\/wp-content\/uploads\/2025\/04\/copertina-standard-sito_161202517452.webp","contentUrl":"https:\/\/skema.eu\/wp-content\/uploads\/2025\/04\/copertina-standard-sito_161202517452.webp","width":600,"height":424,"caption":"Skema S.p.a Unipersonale"},"image":{"@id":"https:\/\/skema.eu\/fr\/#\/schema\/logo\/image\/"},"sameAs":["https:\/\/www.facebook.com\/skema.eu"]}]}},"_links":{"self":[{"href":"https:\/\/skema.eu\/fr\/wp-json\/wp\/v2\/product\/5577","targetHints":{"allow":["GET"]}}],"collection":[{"href":"https:\/\/skema.eu\/fr\/wp-json\/wp\/v2\/product"}],"about":[{"href":"https:\/\/skema.eu\/fr\/wp-json\/wp\/v2\/types\/product"}],"replies":[{"embeddable":true,"href":"https:\/\/skema.eu\/fr\/wp-json\/wp\/v2\/comments?post=5577"}],"wp:featuredmedia":[{"embeddable":true,"href":"https:\/\/skema.eu\/fr\/wp-json\/wp\/v2\/media\/3877"}],"wp:attachment":[{"href":"https:\/\/skema.eu\/fr\/wp-json\/wp\/v2\/media?parent=5577"}],"wp:term":[{"taxonomy":"ambiente","embeddable":true,"href":"https:\/\/skema.eu\/fr\/wp-json\/wp\/v2\/ambiente?post=5577"},{"taxonomy":"colore","embeddable":true,"href":"https:\/\/skema.eu\/fr\/wp-json\/wp\/v2\/colore?post=5577"},{"taxonomy":"product_brand","embeddable":true,"href":"https:\/\/skema.eu\/fr\/wp-json\/wp\/v2\/product_brand?post=5577"},{"taxonomy":"product_cat","embeddable":true,"href":"https:\/\/skema.eu\/fr\/wp-json\/wp\/v2\/product_cat?post=5577"},{"taxonomy":"product_tag","embeddable":true,"href":"https:\/\/skema.eu\/fr\/wp-json\/wp\/v2\/product_tag?post=5577"}],"curies":[{"name":"wp","href":"https:\/\/api.w.org\/{rel}","templated":true}]}}