{"id":5574,"date":"2025-04-18T16:04:11","date_gmt":"2025-04-18T14:04:11","guid":{"rendered":"http:\/\/skema.eu\/prodotto\/vision-technic\/"},"modified":"2025-04-23T11:09:09","modified_gmt":"2025-04-23T09:09:09","slug":"vision-technic","status":"publish","type":"product","link":"https:\/\/skema.eu\/fr\/collection\/vision-technic\/","title":{"rendered":"VISION TECHNIC"},"content":{"rendered":"","protected":false},"excerpt":{"rendered":"<p>La collection Vision Technic, destin\u00e9e aux secteurs des expositions, des collectivit\u00e9s et des bureaux, comprend des stratifi\u00e9s avec des d\u00e9cors reproduisant des effets acier ou pierre dans le format attrayant du carrelage. Une surface facile et rapide \u00e0 poser, tr\u00e8s r\u00e9sistante \u00e0 l&#8217;abrasion et au pi\u00e9tinement, s\u00fbre et dot\u00e9e d&#8217;une grande r\u00e9sistance au feu.<\/p>\n","protected":false},"featured_media":14176,"comment_status":"closed","ping_status":"closed","template":"","meta":{"_acf_changed":false,"_et_pb_use_builder":"","_et_pb_old_content":"","_et_gb_content_width":"","inline_featured_image":false},"ambiente":[],"colore":[],"product_brand":[],"product_cat":[121],"product_tag":[],"class_list":{"0":"post-5574","1":"product","2":"type-product","3":"status-publish","4":"has-post-thumbnail","6":"product_cat-sols-techniques","8":"first","9":"instock","10":"product-type-simple"},"acf":[],"yoast_head":"<!-- This site is optimized with the Yoast SEO plugin v27.1.1 - https:\/\/yoast.com\/product\/yoast-seo-wordpress\/ -->\n<title>VISION TECHNIC | Acier et pierre en format dalles pour l&#039;am\u00e9nagement, les march\u00e9s bureau - Skema<\/title>\n<meta name=\"description\" content=\"Parmi les Sols techniques de Skema, vous trouverez VISION TECHNIC. D\u00e9couvrez d\u00e8s maintenant la collection et toutes ses finitions.\" \/>\n<meta name=\"robots\" content=\"index, follow, max-snippet:-1, max-image-preview:large, max-video-preview:-1\" \/>\n<link rel=\"canonical\" href=\"https:\/\/skema.eu\/fr\/collection\/vision-technic\/\" \/>\n<meta property=\"og:locale\" content=\"fr_FR\" \/>\n<meta property=\"og:type\" content=\"article\" \/>\n<meta property=\"og:title\" content=\"VISION TECHNIC | Acier et pierre en format dalles pour l&#039;am\u00e9nagement, les march\u00e9s bureau - Skema\" \/>\n<meta property=\"og:description\" content=\"Parmi les Sols techniques de Skema, vous trouverez VISION TECHNIC. D\u00e9couvrez d\u00e8s maintenant la collection et toutes ses finitions.\" \/>\n<meta property=\"og:url\" content=\"https:\/\/skema.eu\/fr\/collection\/vision-technic\/\" \/>\n<meta property=\"og:site_name\" content=\"Skema\" \/>\n<meta property=\"article:publisher\" content=\"https:\/\/www.facebook.com\/skema.eu\" \/>\n<meta property=\"article:modified_time\" content=\"2025-04-23T09:09:09+00:00\" \/>\n<meta property=\"og:image\" content=\"https:\/\/skema.eu\/wp-content\/uploads\/2025\/04\/NUOVA-ALMAR-VISION-TECHNIC-HYDRO-PIETRA-PORTOGHESE-E-PIETRA-CARNICA.jpg\" \/>\n\t<meta property=\"og:image:width\" content=\"2000\" \/>\n\t<meta property=\"og:image:height\" content=\"1500\" \/>\n\t<meta property=\"og:image:type\" content=\"image\/jpeg\" \/>\n<meta name=\"twitter:card\" content=\"summary_large_image\" \/>\n<script type=\"application\/ld+json\" class=\"yoast-schema-graph\">{\"@context\":\"https:\/\/schema.org\",\"@graph\":[{\"@type\":\"WebPage\",\"@id\":\"https:\/\/skema.eu\/fr\/collection\/vision-technic\/\",\"url\":\"https:\/\/skema.eu\/fr\/collection\/vision-technic\/\",\"name\":\"VISION TECHNIC | Acier et pierre en format dalles pour l'am\u00e9nagement, les march\u00e9s bureau - Skema\",\"isPartOf\":{\"@id\":\"https:\/\/skema.eu\/fr\/#website\"},\"primaryImageOfPage\":{\"@id\":\"https:\/\/skema.eu\/fr\/collection\/vision-technic\/#primaryimage\"},\"image\":{\"@id\":\"https:\/\/skema.eu\/fr\/collection\/vision-technic\/#primaryimage\"},\"thumbnailUrl\":\"https:\/\/skema.eu\/wp-content\/uploads\/2025\/04\/NUOVA-ALMAR-VISION-TECHNIC-HYDRO-PIETRA-PORTOGHESE-E-PIETRA-CARNICA.jpg\",\"datePublished\":\"2025-04-18T14:04:11+00:00\",\"dateModified\":\"2025-04-23T09:09:09+00:00\",\"description\":\"Parmi les Sols techniques de Skema, vous trouverez VISION TECHNIC. D\u00e9couvrez d\u00e8s maintenant la collection et toutes ses finitions.\",\"breadcrumb\":{\"@id\":\"https:\/\/skema.eu\/fr\/collection\/vision-technic\/#breadcrumb\"},\"inLanguage\":\"fr-FR\",\"potentialAction\":[{\"@type\":\"ReadAction\",\"target\":[\"https:\/\/skema.eu\/fr\/collection\/vision-technic\/\"]}]},{\"@type\":\"ImageObject\",\"inLanguage\":\"fr-FR\",\"@id\":\"https:\/\/skema.eu\/fr\/collection\/vision-technic\/#primaryimage\",\"url\":\"https:\/\/skema.eu\/wp-content\/uploads\/2025\/04\/NUOVA-ALMAR-VISION-TECHNIC-HYDRO-PIETRA-PORTOGHESE-E-PIETRA-CARNICA.jpg\",\"contentUrl\":\"https:\/\/skema.eu\/wp-content\/uploads\/2025\/04\/NUOVA-ALMAR-VISION-TECHNIC-HYDRO-PIETRA-PORTOGHESE-E-PIETRA-CARNICA.jpg\",\"width\":2000,\"height\":1500},{\"@type\":\"BreadcrumbList\",\"@id\":\"https:\/\/skema.eu\/fr\/collection\/vision-technic\/#breadcrumb\",\"itemListElement\":[{\"@type\":\"ListItem\",\"position\":1,\"name\":\"Home\",\"item\":\"https:\/\/skema.eu\/fr\/\"},{\"@type\":\"ListItem\",\"position\":2,\"name\":\"Produits\",\"item\":\"https:\/\/skema.eu\/fr\/shop\/\"},{\"@type\":\"ListItem\",\"position\":3,\"name\":\"VISION TECHNIC\"}]},{\"@type\":\"WebSite\",\"@id\":\"https:\/\/skema.eu\/fr\/#website\",\"url\":\"https:\/\/skema.eu\/fr\/\",\"name\":\"Skema\",\"description\":\"Superfici da Vivere\",\"publisher\":{\"@id\":\"https:\/\/skema.eu\/fr\/#organization\"},\"potentialAction\":[{\"@type\":\"SearchAction\",\"target\":{\"@type\":\"EntryPoint\",\"urlTemplate\":\"https:\/\/skema.eu\/fr\/?s={search_term_string}\"},\"query-input\":{\"@type\":\"PropertyValueSpecification\",\"valueRequired\":true,\"valueName\":\"search_term_string\"}}],\"inLanguage\":\"fr-FR\"},{\"@type\":\"Organization\",\"@id\":\"https:\/\/skema.eu\/fr\/#organization\",\"name\":\"Skema S.p.a Unipersonale\",\"url\":\"https:\/\/skema.eu\/fr\/\",\"logo\":{\"@type\":\"ImageObject\",\"inLanguage\":\"fr-FR\",\"@id\":\"https:\/\/skema.eu\/fr\/#\/schema\/logo\/image\/\",\"url\":\"https:\/\/skema.eu\/wp-content\/uploads\/2025\/04\/copertina-standard-sito_161202517452.webp\",\"contentUrl\":\"https:\/\/skema.eu\/wp-content\/uploads\/2025\/04\/copertina-standard-sito_161202517452.webp\",\"width\":600,\"height\":424,\"caption\":\"Skema S.p.a Unipersonale\"},\"image\":{\"@id\":\"https:\/\/skema.eu\/fr\/#\/schema\/logo\/image\/\"},\"sameAs\":[\"https:\/\/www.facebook.com\/skema.eu\"]}]}<\/script>\n<!-- \/ Yoast SEO plugin. -->","yoast_head_json":{"title":"VISION TECHNIC | Acier et pierre en format dalles pour l'am\u00e9nagement, les march\u00e9s bureau - Skema","description":"Parmi les Sols techniques de Skema, vous trouverez VISION TECHNIC. D\u00e9couvrez d\u00e8s maintenant la collection et toutes ses finitions.","robots":{"index":"index","follow":"follow","max-snippet":"max-snippet:-1","max-image-preview":"max-image-preview:large","max-video-preview":"max-video-preview:-1"},"canonical":"https:\/\/skema.eu\/fr\/collection\/vision-technic\/","og_locale":"fr_FR","og_type":"article","og_title":"VISION TECHNIC | Acier et pierre en format dalles pour l'am\u00e9nagement, les march\u00e9s bureau - Skema","og_description":"Parmi les Sols techniques de Skema, vous trouverez VISION TECHNIC. D\u00e9couvrez d\u00e8s maintenant la collection et toutes ses finitions.","og_url":"https:\/\/skema.eu\/fr\/collection\/vision-technic\/","og_site_name":"Skema","article_publisher":"https:\/\/www.facebook.com\/skema.eu","article_modified_time":"2025-04-23T09:09:09+00:00","og_image":[{"width":2000,"height":1500,"url":"https:\/\/skema.eu\/wp-content\/uploads\/2025\/04\/NUOVA-ALMAR-VISION-TECHNIC-HYDRO-PIETRA-PORTOGHESE-E-PIETRA-CARNICA.jpg","type":"image\/jpeg"}],"twitter_card":"summary_large_image","schema":{"@context":"https:\/\/schema.org","@graph":[{"@type":"WebPage","@id":"https:\/\/skema.eu\/fr\/collection\/vision-technic\/","url":"https:\/\/skema.eu\/fr\/collection\/vision-technic\/","name":"VISION TECHNIC | Acier et pierre en format dalles pour l'am\u00e9nagement, les march\u00e9s bureau - Skema","isPartOf":{"@id":"https:\/\/skema.eu\/fr\/#website"},"primaryImageOfPage":{"@id":"https:\/\/skema.eu\/fr\/collection\/vision-technic\/#primaryimage"},"image":{"@id":"https:\/\/skema.eu\/fr\/collection\/vision-technic\/#primaryimage"},"thumbnailUrl":"https:\/\/skema.eu\/wp-content\/uploads\/2025\/04\/NUOVA-ALMAR-VISION-TECHNIC-HYDRO-PIETRA-PORTOGHESE-E-PIETRA-CARNICA.jpg","datePublished":"2025-04-18T14:04:11+00:00","dateModified":"2025-04-23T09:09:09+00:00","description":"Parmi les Sols techniques de Skema, vous trouverez VISION TECHNIC. D\u00e9couvrez d\u00e8s maintenant la collection et toutes ses finitions.","breadcrumb":{"@id":"https:\/\/skema.eu\/fr\/collection\/vision-technic\/#breadcrumb"},"inLanguage":"fr-FR","potentialAction":[{"@type":"ReadAction","target":["https:\/\/skema.eu\/fr\/collection\/vision-technic\/"]}]},{"@type":"ImageObject","inLanguage":"fr-FR","@id":"https:\/\/skema.eu\/fr\/collection\/vision-technic\/#primaryimage","url":"https:\/\/skema.eu\/wp-content\/uploads\/2025\/04\/NUOVA-ALMAR-VISION-TECHNIC-HYDRO-PIETRA-PORTOGHESE-E-PIETRA-CARNICA.jpg","contentUrl":"https:\/\/skema.eu\/wp-content\/uploads\/2025\/04\/NUOVA-ALMAR-VISION-TECHNIC-HYDRO-PIETRA-PORTOGHESE-E-PIETRA-CARNICA.jpg","width":2000,"height":1500},{"@type":"BreadcrumbList","@id":"https:\/\/skema.eu\/fr\/collection\/vision-technic\/#breadcrumb","itemListElement":[{"@type":"ListItem","position":1,"name":"Home","item":"https:\/\/skema.eu\/fr\/"},{"@type":"ListItem","position":2,"name":"Produits","item":"https:\/\/skema.eu\/fr\/shop\/"},{"@type":"ListItem","position":3,"name":"VISION TECHNIC"}]},{"@type":"WebSite","@id":"https:\/\/skema.eu\/fr\/#website","url":"https:\/\/skema.eu\/fr\/","name":"Skema","description":"Superfici da Vivere","publisher":{"@id":"https:\/\/skema.eu\/fr\/#organization"},"potentialAction":[{"@type":"SearchAction","target":{"@type":"EntryPoint","urlTemplate":"https:\/\/skema.eu\/fr\/?s={search_term_string}"},"query-input":{"@type":"PropertyValueSpecification","valueRequired":true,"valueName":"search_term_string"}}],"inLanguage":"fr-FR"},{"@type":"Organization","@id":"https:\/\/skema.eu\/fr\/#organization","name":"Skema S.p.a Unipersonale","url":"https:\/\/skema.eu\/fr\/","logo":{"@type":"ImageObject","inLanguage":"fr-FR","@id":"https:\/\/skema.eu\/fr\/#\/schema\/logo\/image\/","url":"https:\/\/skema.eu\/wp-content\/uploads\/2025\/04\/copertina-standard-sito_161202517452.webp","contentUrl":"https:\/\/skema.eu\/wp-content\/uploads\/2025\/04\/copertina-standard-sito_161202517452.webp","width":600,"height":424,"caption":"Skema S.p.a Unipersonale"},"image":{"@id":"https:\/\/skema.eu\/fr\/#\/schema\/logo\/image\/"},"sameAs":["https:\/\/www.facebook.com\/skema.eu"]}]}},"_links":{"self":[{"href":"https:\/\/skema.eu\/fr\/wp-json\/wp\/v2\/product\/5574","targetHints":{"allow":["GET"]}}],"collection":[{"href":"https:\/\/skema.eu\/fr\/wp-json\/wp\/v2\/product"}],"about":[{"href":"https:\/\/skema.eu\/fr\/wp-json\/wp\/v2\/types\/product"}],"replies":[{"embeddable":true,"href":"https:\/\/skema.eu\/fr\/wp-json\/wp\/v2\/comments?post=5574"}],"wp:featuredmedia":[{"embeddable":true,"href":"https:\/\/skema.eu\/fr\/wp-json\/wp\/v2\/media\/14176"}],"wp:attachment":[{"href":"https:\/\/skema.eu\/fr\/wp-json\/wp\/v2\/media?parent=5574"}],"wp:term":[{"taxonomy":"ambiente","embeddable":true,"href":"https:\/\/skema.eu\/fr\/wp-json\/wp\/v2\/ambiente?post=5574"},{"taxonomy":"colore","embeddable":true,"href":"https:\/\/skema.eu\/fr\/wp-json\/wp\/v2\/colore?post=5574"},{"taxonomy":"product_brand","embeddable":true,"href":"https:\/\/skema.eu\/fr\/wp-json\/wp\/v2\/product_brand?post=5574"},{"taxonomy":"product_cat","embeddable":true,"href":"https:\/\/skema.eu\/fr\/wp-json\/wp\/v2\/product_cat?post=5574"},{"taxonomy":"product_tag","embeddable":true,"href":"https:\/\/skema.eu\/fr\/wp-json\/wp\/v2\/product_tag?post=5574"}],"curies":[{"name":"wp","href":"https:\/\/api.w.org\/{rel}","templated":true}]}}