{"id":5572,"date":"2025-04-18T15:53:25","date_gmt":"2025-04-18T13:53:25","guid":{"rendered":"http:\/\/skema.eu\/prodotto\/syncro-parquet\/"},"modified":"2025-04-23T11:08:53","modified_gmt":"2025-04-23T09:08:53","slug":"syncro-parquet","status":"publish","type":"product","link":"https:\/\/skema.eu\/fr\/collection\/syncro-parquet\/","title":{"rendered":"SYNCRO PARQUET"},"content":{"rendered":"","protected":false},"excerpt":{"rendered":"<p>Syncro Parquet est le sol qui combine l&#8217;\u00e9l\u00e9gance de la pose en chevrons avec la robustesse d&#8217;un stratifi\u00e9 de derni\u00e8re g\u00e9n\u00e9ration. Chaque planche raconte une histoire de style et d&#8217;endurance, avec le choix entre la pose classique en chevrons et la variante hongroise. Un sol extr\u00eame : en beaut\u00e9 et en r\u00e9sistance maximale \u00e0 l&#8217;abrasion et \u00e0 l&#8217;usure. <\/p>\n<p>PLUS<br \/>\nEsth\u00e9tique classique : avec les chevrons classiques ou la variante hongroise.<br \/>\nR\u00e9sistance maximale \u00e0 l&#8217;abrasion : classe AC6.<br \/>\nCompatible avec les environnements commerciaux : r\u00e9action au feu Bfl-s1.<br \/>\nFacilit\u00e9 de pose : syst\u00e8me d&#8217;embo\u00eetement PLS et TLS.PF.<\/p>\n","protected":false},"featured_media":3263,"comment_status":"closed","ping_status":"closed","template":"","meta":{"_acf_changed":false,"_et_pb_use_builder":"","_et_pb_old_content":"","_et_gb_content_width":"","inline_featured_image":false},"ambiente":[],"colore":[],"product_brand":[],"product_cat":[121],"product_tag":[],"class_list":{"0":"post-5572","1":"product","2":"type-product","3":"status-publish","4":"has-post-thumbnail","6":"product_cat-sols-techniques","8":"first","9":"instock","10":"product-type-simple"},"acf":[],"yoast_head":"<!-- This site is optimized with the Yoast SEO plugin v27.1.1 - https:\/\/yoast.com\/product\/yoast-seo-wordpress\/ -->\n<title>SYNCRO PARQUET | Ar\u00eate de poisson haute r\u00e9sistance - Skema<\/title>\n<meta name=\"description\" content=\"Parmi les Sols techniques de Skema, vous trouverez SYNCRO PARQUET. D\u00e9couvrez d\u00e8s maintenant la collection et toutes ses finitions.\" \/>\n<meta name=\"robots\" content=\"index, follow, max-snippet:-1, max-image-preview:large, max-video-preview:-1\" \/>\n<link rel=\"canonical\" href=\"https:\/\/skema.eu\/fr\/collection\/syncro-parquet\/\" \/>\n<meta property=\"og:locale\" content=\"fr_FR\" \/>\n<meta property=\"og:type\" content=\"article\" \/>\n<meta property=\"og:title\" content=\"SYNCRO PARQUET | Ar\u00eate de poisson haute r\u00e9sistance - Skema\" \/>\n<meta property=\"og:description\" content=\"Parmi les Sols techniques de Skema, vous trouverez SYNCRO PARQUET. D\u00e9couvrez d\u00e8s maintenant la collection et toutes ses finitions.\" \/>\n<meta property=\"og:url\" content=\"https:\/\/skema.eu\/fr\/collection\/syncro-parquet\/\" \/>\n<meta property=\"og:site_name\" content=\"Skema\" \/>\n<meta property=\"article:publisher\" content=\"https:\/\/www.facebook.com\/skema.eu\" \/>\n<meta property=\"article:modified_time\" content=\"2025-04-23T09:08:53+00:00\" \/>\n<meta property=\"og:image\" content=\"https:\/\/skema.eu\/wp-content\/uploads\/2025\/04\/SDa-Catalogo-Laminate-Vision-Syncro-Parquet-Ungherese-Rovere-Smoked.jpg\" \/>\n\t<meta property=\"og:image:width\" content=\"1200\" \/>\n\t<meta property=\"og:image:height\" content=\"800\" \/>\n\t<meta property=\"og:image:type\" content=\"image\/jpeg\" \/>\n<meta name=\"twitter:card\" content=\"summary_large_image\" \/>\n<script type=\"application\/ld+json\" class=\"yoast-schema-graph\">{\"@context\":\"https:\/\/schema.org\",\"@graph\":[{\"@type\":\"WebPage\",\"@id\":\"https:\/\/skema.eu\/fr\/collection\/syncro-parquet\/\",\"url\":\"https:\/\/skema.eu\/fr\/collection\/syncro-parquet\/\",\"name\":\"SYNCRO PARQUET | Ar\u00eate de poisson haute r\u00e9sistance - Skema\",\"isPartOf\":{\"@id\":\"https:\/\/skema.eu\/fr\/#website\"},\"primaryImageOfPage\":{\"@id\":\"https:\/\/skema.eu\/fr\/collection\/syncro-parquet\/#primaryimage\"},\"image\":{\"@id\":\"https:\/\/skema.eu\/fr\/collection\/syncro-parquet\/#primaryimage\"},\"thumbnailUrl\":\"https:\/\/skema.eu\/wp-content\/uploads\/2025\/04\/SDa-Catalogo-Laminate-Vision-Syncro-Parquet-Ungherese-Rovere-Smoked.jpg\",\"datePublished\":\"2025-04-18T13:53:25+00:00\",\"dateModified\":\"2025-04-23T09:08:53+00:00\",\"description\":\"Parmi les Sols techniques de Skema, vous trouverez SYNCRO PARQUET. D\u00e9couvrez d\u00e8s maintenant la collection et toutes ses finitions.\",\"breadcrumb\":{\"@id\":\"https:\/\/skema.eu\/fr\/collection\/syncro-parquet\/#breadcrumb\"},\"inLanguage\":\"fr-FR\",\"potentialAction\":[{\"@type\":\"ReadAction\",\"target\":[\"https:\/\/skema.eu\/fr\/collection\/syncro-parquet\/\"]}]},{\"@type\":\"ImageObject\",\"inLanguage\":\"fr-FR\",\"@id\":\"https:\/\/skema.eu\/fr\/collection\/syncro-parquet\/#primaryimage\",\"url\":\"https:\/\/skema.eu\/wp-content\/uploads\/2025\/04\/SDa-Catalogo-Laminate-Vision-Syncro-Parquet-Ungherese-Rovere-Smoked.jpg\",\"contentUrl\":\"https:\/\/skema.eu\/wp-content\/uploads\/2025\/04\/SDa-Catalogo-Laminate-Vision-Syncro-Parquet-Ungherese-Rovere-Smoked.jpg\",\"width\":1200,\"height\":800},{\"@type\":\"BreadcrumbList\",\"@id\":\"https:\/\/skema.eu\/fr\/collection\/syncro-parquet\/#breadcrumb\",\"itemListElement\":[{\"@type\":\"ListItem\",\"position\":1,\"name\":\"Home\",\"item\":\"https:\/\/skema.eu\/fr\/\"},{\"@type\":\"ListItem\",\"position\":2,\"name\":\"Produits\",\"item\":\"https:\/\/skema.eu\/fr\/shop\/\"},{\"@type\":\"ListItem\",\"position\":3,\"name\":\"SYNCRO PARQUET\"}]},{\"@type\":\"WebSite\",\"@id\":\"https:\/\/skema.eu\/fr\/#website\",\"url\":\"https:\/\/skema.eu\/fr\/\",\"name\":\"Skema\",\"description\":\"Superfici da Vivere\",\"publisher\":{\"@id\":\"https:\/\/skema.eu\/fr\/#organization\"},\"potentialAction\":[{\"@type\":\"SearchAction\",\"target\":{\"@type\":\"EntryPoint\",\"urlTemplate\":\"https:\/\/skema.eu\/fr\/?s={search_term_string}\"},\"query-input\":{\"@type\":\"PropertyValueSpecification\",\"valueRequired\":true,\"valueName\":\"search_term_string\"}}],\"inLanguage\":\"fr-FR\"},{\"@type\":\"Organization\",\"@id\":\"https:\/\/skema.eu\/fr\/#organization\",\"name\":\"Skema S.p.a Unipersonale\",\"url\":\"https:\/\/skema.eu\/fr\/\",\"logo\":{\"@type\":\"ImageObject\",\"inLanguage\":\"fr-FR\",\"@id\":\"https:\/\/skema.eu\/fr\/#\/schema\/logo\/image\/\",\"url\":\"https:\/\/skema.eu\/wp-content\/uploads\/2025\/04\/copertina-standard-sito_161202517452.webp\",\"contentUrl\":\"https:\/\/skema.eu\/wp-content\/uploads\/2025\/04\/copertina-standard-sito_161202517452.webp\",\"width\":600,\"height\":424,\"caption\":\"Skema S.p.a Unipersonale\"},\"image\":{\"@id\":\"https:\/\/skema.eu\/fr\/#\/schema\/logo\/image\/\"},\"sameAs\":[\"https:\/\/www.facebook.com\/skema.eu\"]}]}<\/script>\n<!-- \/ Yoast SEO plugin. -->","yoast_head_json":{"title":"SYNCRO PARQUET | Ar\u00eate de poisson haute r\u00e9sistance - Skema","description":"Parmi les Sols techniques de Skema, vous trouverez SYNCRO PARQUET. D\u00e9couvrez d\u00e8s maintenant la collection et toutes ses finitions.","robots":{"index":"index","follow":"follow","max-snippet":"max-snippet:-1","max-image-preview":"max-image-preview:large","max-video-preview":"max-video-preview:-1"},"canonical":"https:\/\/skema.eu\/fr\/collection\/syncro-parquet\/","og_locale":"fr_FR","og_type":"article","og_title":"SYNCRO PARQUET | Ar\u00eate de poisson haute r\u00e9sistance - Skema","og_description":"Parmi les Sols techniques de Skema, vous trouverez SYNCRO PARQUET. D\u00e9couvrez d\u00e8s maintenant la collection et toutes ses finitions.","og_url":"https:\/\/skema.eu\/fr\/collection\/syncro-parquet\/","og_site_name":"Skema","article_publisher":"https:\/\/www.facebook.com\/skema.eu","article_modified_time":"2025-04-23T09:08:53+00:00","og_image":[{"width":1200,"height":800,"url":"https:\/\/skema.eu\/wp-content\/uploads\/2025\/04\/SDa-Catalogo-Laminate-Vision-Syncro-Parquet-Ungherese-Rovere-Smoked.jpg","type":"image\/jpeg"}],"twitter_card":"summary_large_image","schema":{"@context":"https:\/\/schema.org","@graph":[{"@type":"WebPage","@id":"https:\/\/skema.eu\/fr\/collection\/syncro-parquet\/","url":"https:\/\/skema.eu\/fr\/collection\/syncro-parquet\/","name":"SYNCRO PARQUET | Ar\u00eate de poisson haute r\u00e9sistance - Skema","isPartOf":{"@id":"https:\/\/skema.eu\/fr\/#website"},"primaryImageOfPage":{"@id":"https:\/\/skema.eu\/fr\/collection\/syncro-parquet\/#primaryimage"},"image":{"@id":"https:\/\/skema.eu\/fr\/collection\/syncro-parquet\/#primaryimage"},"thumbnailUrl":"https:\/\/skema.eu\/wp-content\/uploads\/2025\/04\/SDa-Catalogo-Laminate-Vision-Syncro-Parquet-Ungherese-Rovere-Smoked.jpg","datePublished":"2025-04-18T13:53:25+00:00","dateModified":"2025-04-23T09:08:53+00:00","description":"Parmi les Sols techniques de Skema, vous trouverez SYNCRO PARQUET. D\u00e9couvrez d\u00e8s maintenant la collection et toutes ses finitions.","breadcrumb":{"@id":"https:\/\/skema.eu\/fr\/collection\/syncro-parquet\/#breadcrumb"},"inLanguage":"fr-FR","potentialAction":[{"@type":"ReadAction","target":["https:\/\/skema.eu\/fr\/collection\/syncro-parquet\/"]}]},{"@type":"ImageObject","inLanguage":"fr-FR","@id":"https:\/\/skema.eu\/fr\/collection\/syncro-parquet\/#primaryimage","url":"https:\/\/skema.eu\/wp-content\/uploads\/2025\/04\/SDa-Catalogo-Laminate-Vision-Syncro-Parquet-Ungherese-Rovere-Smoked.jpg","contentUrl":"https:\/\/skema.eu\/wp-content\/uploads\/2025\/04\/SDa-Catalogo-Laminate-Vision-Syncro-Parquet-Ungherese-Rovere-Smoked.jpg","width":1200,"height":800},{"@type":"BreadcrumbList","@id":"https:\/\/skema.eu\/fr\/collection\/syncro-parquet\/#breadcrumb","itemListElement":[{"@type":"ListItem","position":1,"name":"Home","item":"https:\/\/skema.eu\/fr\/"},{"@type":"ListItem","position":2,"name":"Produits","item":"https:\/\/skema.eu\/fr\/shop\/"},{"@type":"ListItem","position":3,"name":"SYNCRO PARQUET"}]},{"@type":"WebSite","@id":"https:\/\/skema.eu\/fr\/#website","url":"https:\/\/skema.eu\/fr\/","name":"Skema","description":"Superfici da Vivere","publisher":{"@id":"https:\/\/skema.eu\/fr\/#organization"},"potentialAction":[{"@type":"SearchAction","target":{"@type":"EntryPoint","urlTemplate":"https:\/\/skema.eu\/fr\/?s={search_term_string}"},"query-input":{"@type":"PropertyValueSpecification","valueRequired":true,"valueName":"search_term_string"}}],"inLanguage":"fr-FR"},{"@type":"Organization","@id":"https:\/\/skema.eu\/fr\/#organization","name":"Skema S.p.a Unipersonale","url":"https:\/\/skema.eu\/fr\/","logo":{"@type":"ImageObject","inLanguage":"fr-FR","@id":"https:\/\/skema.eu\/fr\/#\/schema\/logo\/image\/","url":"https:\/\/skema.eu\/wp-content\/uploads\/2025\/04\/copertina-standard-sito_161202517452.webp","contentUrl":"https:\/\/skema.eu\/wp-content\/uploads\/2025\/04\/copertina-standard-sito_161202517452.webp","width":600,"height":424,"caption":"Skema S.p.a Unipersonale"},"image":{"@id":"https:\/\/skema.eu\/fr\/#\/schema\/logo\/image\/"},"sameAs":["https:\/\/www.facebook.com\/skema.eu"]}]}},"_links":{"self":[{"href":"https:\/\/skema.eu\/fr\/wp-json\/wp\/v2\/product\/5572","targetHints":{"allow":["GET"]}}],"collection":[{"href":"https:\/\/skema.eu\/fr\/wp-json\/wp\/v2\/product"}],"about":[{"href":"https:\/\/skema.eu\/fr\/wp-json\/wp\/v2\/types\/product"}],"replies":[{"embeddable":true,"href":"https:\/\/skema.eu\/fr\/wp-json\/wp\/v2\/comments?post=5572"}],"wp:featuredmedia":[{"embeddable":true,"href":"https:\/\/skema.eu\/fr\/wp-json\/wp\/v2\/media\/3263"}],"wp:attachment":[{"href":"https:\/\/skema.eu\/fr\/wp-json\/wp\/v2\/media?parent=5572"}],"wp:term":[{"taxonomy":"ambiente","embeddable":true,"href":"https:\/\/skema.eu\/fr\/wp-json\/wp\/v2\/ambiente?post=5572"},{"taxonomy":"colore","embeddable":true,"href":"https:\/\/skema.eu\/fr\/wp-json\/wp\/v2\/colore?post=5572"},{"taxonomy":"product_brand","embeddable":true,"href":"https:\/\/skema.eu\/fr\/wp-json\/wp\/v2\/product_brand?post=5572"},{"taxonomy":"product_cat","embeddable":true,"href":"https:\/\/skema.eu\/fr\/wp-json\/wp\/v2\/product_cat?post=5572"},{"taxonomy":"product_tag","embeddable":true,"href":"https:\/\/skema.eu\/fr\/wp-json\/wp\/v2\/product_tag?post=5572"}],"curies":[{"name":"wp","href":"https:\/\/api.w.org\/{rel}","templated":true}]}}