{"id":5569,"date":"2025-04-18T15:53:25","date_gmt":"2025-04-18T13:53:25","guid":{"rendered":"http:\/\/skema.eu\/prodotto\/prestige-gold\/"},"modified":"2025-04-23T11:08:41","modified_gmt":"2025-04-23T09:08:41","slug":"prestige-gold","status":"publish","type":"product","link":"https:\/\/skema.eu\/fr\/collection\/prestige-gold\/","title":{"rendered":"PRESTIGE GOLD"},"content":{"rendered":"","protected":false},"excerpt":{"rendered":"<p>Prestige Gold est un stratifi\u00e9 aux caract\u00e9ristiques techniques avanc\u00e9es. Il est disponible dans une large gamme de d\u00e9cors \u00e0 effet bois, du style rustique au style contemporain. La surface se distingue par ses hautes performances en termes de r\u00e9sistance au pi\u00e9tinement et \u00e0 l&#8217;usure. Id\u00e9al pour les lieux publics et les environnements \u00e0 fort trafic.<\/p>\n","protected":false},"featured_media":14172,"comment_status":"closed","ping_status":"closed","template":"","meta":{"_acf_changed":false,"_et_pb_use_builder":"","_et_pb_old_content":"","_et_gb_content_width":"","inline_featured_image":false},"ambiente":[],"colore":[],"product_brand":[],"product_cat":[121],"product_tag":[],"class_list":{"0":"post-5569","1":"product","2":"type-product","3":"status-publish","4":"has-post-thumbnail","6":"product_cat-sols-techniques","8":"first","9":"instock","10":"product-type-simple"},"acf":[],"yoast_head":"<!-- This site is optimized with the Yoast SEO plugin v27.1.1 - https:\/\/yoast.com\/product\/yoast-seo-wordpress\/ -->\n<title>PRESTIGE GOLD | R\u00e9sistance sup\u00e9rieure, dans de nombreux d\u00e9cors bois - Skema<\/title>\n<meta name=\"description\" content=\"Parmi les Sols techniques de Skema, vous trouverez PRESTIGE GOLD. D\u00e9couvrez d\u00e8s maintenant la collection et toutes ses finitions.\" \/>\n<meta name=\"robots\" content=\"index, follow, max-snippet:-1, max-image-preview:large, max-video-preview:-1\" \/>\n<link rel=\"canonical\" href=\"https:\/\/skema.eu\/fr\/collection\/prestige-gold\/\" \/>\n<meta property=\"og:locale\" content=\"fr_FR\" \/>\n<meta property=\"og:type\" content=\"article\" \/>\n<meta property=\"og:title\" content=\"PRESTIGE GOLD | R\u00e9sistance sup\u00e9rieure, dans de nombreux d\u00e9cors bois - Skema\" \/>\n<meta property=\"og:description\" content=\"Parmi les Sols techniques de Skema, vous trouverez PRESTIGE GOLD. D\u00e9couvrez d\u00e8s maintenant la collection et toutes ses finitions.\" \/>\n<meta property=\"og:url\" content=\"https:\/\/skema.eu\/fr\/collection\/prestige-gold\/\" \/>\n<meta property=\"og:site_name\" content=\"Skema\" \/>\n<meta property=\"article:publisher\" content=\"https:\/\/www.facebook.com\/skema.eu\" \/>\n<meta property=\"article:modified_time\" content=\"2025-04-23T09:08:41+00:00\" \/>\n<meta property=\"og:image\" content=\"https:\/\/skema.eu\/wp-content\/uploads\/2025\/04\/NUOVA-SKEMA-LIVING-PRESTIGE-GOLD-HYDRO-170-ROVERE-ZEPHIR-02.2.jpg\" \/>\n\t<meta property=\"og:image:width\" content=\"2000\" \/>\n\t<meta property=\"og:image:height\" content=\"1500\" \/>\n\t<meta property=\"og:image:type\" content=\"image\/jpeg\" \/>\n<meta name=\"twitter:card\" content=\"summary_large_image\" \/>\n<script type=\"application\/ld+json\" class=\"yoast-schema-graph\">{\"@context\":\"https:\/\/schema.org\",\"@graph\":[{\"@type\":\"WebPage\",\"@id\":\"https:\/\/skema.eu\/fr\/collection\/prestige-gold\/\",\"url\":\"https:\/\/skema.eu\/fr\/collection\/prestige-gold\/\",\"name\":\"PRESTIGE GOLD | R\u00e9sistance sup\u00e9rieure, dans de nombreux d\u00e9cors bois - Skema\",\"isPartOf\":{\"@id\":\"https:\/\/skema.eu\/fr\/#website\"},\"primaryImageOfPage\":{\"@id\":\"https:\/\/skema.eu\/fr\/collection\/prestige-gold\/#primaryimage\"},\"image\":{\"@id\":\"https:\/\/skema.eu\/fr\/collection\/prestige-gold\/#primaryimage\"},\"thumbnailUrl\":\"https:\/\/skema.eu\/wp-content\/uploads\/2025\/04\/NUOVA-SKEMA-LIVING-PRESTIGE-GOLD-HYDRO-170-ROVERE-ZEPHIR-02.2.jpg\",\"datePublished\":\"2025-04-18T13:53:25+00:00\",\"dateModified\":\"2025-04-23T09:08:41+00:00\",\"description\":\"Parmi les Sols techniques de Skema, vous trouverez PRESTIGE GOLD. D\u00e9couvrez d\u00e8s maintenant la collection et toutes ses finitions.\",\"breadcrumb\":{\"@id\":\"https:\/\/skema.eu\/fr\/collection\/prestige-gold\/#breadcrumb\"},\"inLanguage\":\"fr-FR\",\"potentialAction\":[{\"@type\":\"ReadAction\",\"target\":[\"https:\/\/skema.eu\/fr\/collection\/prestige-gold\/\"]}]},{\"@type\":\"ImageObject\",\"inLanguage\":\"fr-FR\",\"@id\":\"https:\/\/skema.eu\/fr\/collection\/prestige-gold\/#primaryimage\",\"url\":\"https:\/\/skema.eu\/wp-content\/uploads\/2025\/04\/NUOVA-SKEMA-LIVING-PRESTIGE-GOLD-HYDRO-170-ROVERE-ZEPHIR-02.2.jpg\",\"contentUrl\":\"https:\/\/skema.eu\/wp-content\/uploads\/2025\/04\/NUOVA-SKEMA-LIVING-PRESTIGE-GOLD-HYDRO-170-ROVERE-ZEPHIR-02.2.jpg\",\"width\":2000,\"height\":1500},{\"@type\":\"BreadcrumbList\",\"@id\":\"https:\/\/skema.eu\/fr\/collection\/prestige-gold\/#breadcrumb\",\"itemListElement\":[{\"@type\":\"ListItem\",\"position\":1,\"name\":\"Home\",\"item\":\"https:\/\/skema.eu\/fr\/\"},{\"@type\":\"ListItem\",\"position\":2,\"name\":\"Produits\",\"item\":\"https:\/\/skema.eu\/fr\/shop\/\"},{\"@type\":\"ListItem\",\"position\":3,\"name\":\"PRESTIGE GOLD\"}]},{\"@type\":\"WebSite\",\"@id\":\"https:\/\/skema.eu\/fr\/#website\",\"url\":\"https:\/\/skema.eu\/fr\/\",\"name\":\"Skema\",\"description\":\"Superfici da Vivere\",\"publisher\":{\"@id\":\"https:\/\/skema.eu\/fr\/#organization\"},\"potentialAction\":[{\"@type\":\"SearchAction\",\"target\":{\"@type\":\"EntryPoint\",\"urlTemplate\":\"https:\/\/skema.eu\/fr\/?s={search_term_string}\"},\"query-input\":{\"@type\":\"PropertyValueSpecification\",\"valueRequired\":true,\"valueName\":\"search_term_string\"}}],\"inLanguage\":\"fr-FR\"},{\"@type\":\"Organization\",\"@id\":\"https:\/\/skema.eu\/fr\/#organization\",\"name\":\"Skema S.p.a Unipersonale\",\"url\":\"https:\/\/skema.eu\/fr\/\",\"logo\":{\"@type\":\"ImageObject\",\"inLanguage\":\"fr-FR\",\"@id\":\"https:\/\/skema.eu\/fr\/#\/schema\/logo\/image\/\",\"url\":\"https:\/\/skema.eu\/wp-content\/uploads\/2025\/04\/copertina-standard-sito_161202517452.webp\",\"contentUrl\":\"https:\/\/skema.eu\/wp-content\/uploads\/2025\/04\/copertina-standard-sito_161202517452.webp\",\"width\":600,\"height\":424,\"caption\":\"Skema S.p.a Unipersonale\"},\"image\":{\"@id\":\"https:\/\/skema.eu\/fr\/#\/schema\/logo\/image\/\"},\"sameAs\":[\"https:\/\/www.facebook.com\/skema.eu\"]}]}<\/script>\n<!-- \/ Yoast SEO plugin. -->","yoast_head_json":{"title":"PRESTIGE GOLD | R\u00e9sistance sup\u00e9rieure, dans de nombreux d\u00e9cors bois - Skema","description":"Parmi les Sols techniques de Skema, vous trouverez PRESTIGE GOLD. D\u00e9couvrez d\u00e8s maintenant la collection et toutes ses finitions.","robots":{"index":"index","follow":"follow","max-snippet":"max-snippet:-1","max-image-preview":"max-image-preview:large","max-video-preview":"max-video-preview:-1"},"canonical":"https:\/\/skema.eu\/fr\/collection\/prestige-gold\/","og_locale":"fr_FR","og_type":"article","og_title":"PRESTIGE GOLD | R\u00e9sistance sup\u00e9rieure, dans de nombreux d\u00e9cors bois - Skema","og_description":"Parmi les Sols techniques de Skema, vous trouverez PRESTIGE GOLD. D\u00e9couvrez d\u00e8s maintenant la collection et toutes ses finitions.","og_url":"https:\/\/skema.eu\/fr\/collection\/prestige-gold\/","og_site_name":"Skema","article_publisher":"https:\/\/www.facebook.com\/skema.eu","article_modified_time":"2025-04-23T09:08:41+00:00","og_image":[{"width":2000,"height":1500,"url":"https:\/\/skema.eu\/wp-content\/uploads\/2025\/04\/NUOVA-SKEMA-LIVING-PRESTIGE-GOLD-HYDRO-170-ROVERE-ZEPHIR-02.2.jpg","type":"image\/jpeg"}],"twitter_card":"summary_large_image","schema":{"@context":"https:\/\/schema.org","@graph":[{"@type":"WebPage","@id":"https:\/\/skema.eu\/fr\/collection\/prestige-gold\/","url":"https:\/\/skema.eu\/fr\/collection\/prestige-gold\/","name":"PRESTIGE GOLD | R\u00e9sistance sup\u00e9rieure, dans de nombreux d\u00e9cors bois - Skema","isPartOf":{"@id":"https:\/\/skema.eu\/fr\/#website"},"primaryImageOfPage":{"@id":"https:\/\/skema.eu\/fr\/collection\/prestige-gold\/#primaryimage"},"image":{"@id":"https:\/\/skema.eu\/fr\/collection\/prestige-gold\/#primaryimage"},"thumbnailUrl":"https:\/\/skema.eu\/wp-content\/uploads\/2025\/04\/NUOVA-SKEMA-LIVING-PRESTIGE-GOLD-HYDRO-170-ROVERE-ZEPHIR-02.2.jpg","datePublished":"2025-04-18T13:53:25+00:00","dateModified":"2025-04-23T09:08:41+00:00","description":"Parmi les Sols techniques de Skema, vous trouverez PRESTIGE GOLD. D\u00e9couvrez d\u00e8s maintenant la collection et toutes ses finitions.","breadcrumb":{"@id":"https:\/\/skema.eu\/fr\/collection\/prestige-gold\/#breadcrumb"},"inLanguage":"fr-FR","potentialAction":[{"@type":"ReadAction","target":["https:\/\/skema.eu\/fr\/collection\/prestige-gold\/"]}]},{"@type":"ImageObject","inLanguage":"fr-FR","@id":"https:\/\/skema.eu\/fr\/collection\/prestige-gold\/#primaryimage","url":"https:\/\/skema.eu\/wp-content\/uploads\/2025\/04\/NUOVA-SKEMA-LIVING-PRESTIGE-GOLD-HYDRO-170-ROVERE-ZEPHIR-02.2.jpg","contentUrl":"https:\/\/skema.eu\/wp-content\/uploads\/2025\/04\/NUOVA-SKEMA-LIVING-PRESTIGE-GOLD-HYDRO-170-ROVERE-ZEPHIR-02.2.jpg","width":2000,"height":1500},{"@type":"BreadcrumbList","@id":"https:\/\/skema.eu\/fr\/collection\/prestige-gold\/#breadcrumb","itemListElement":[{"@type":"ListItem","position":1,"name":"Home","item":"https:\/\/skema.eu\/fr\/"},{"@type":"ListItem","position":2,"name":"Produits","item":"https:\/\/skema.eu\/fr\/shop\/"},{"@type":"ListItem","position":3,"name":"PRESTIGE GOLD"}]},{"@type":"WebSite","@id":"https:\/\/skema.eu\/fr\/#website","url":"https:\/\/skema.eu\/fr\/","name":"Skema","description":"Superfici da Vivere","publisher":{"@id":"https:\/\/skema.eu\/fr\/#organization"},"potentialAction":[{"@type":"SearchAction","target":{"@type":"EntryPoint","urlTemplate":"https:\/\/skema.eu\/fr\/?s={search_term_string}"},"query-input":{"@type":"PropertyValueSpecification","valueRequired":true,"valueName":"search_term_string"}}],"inLanguage":"fr-FR"},{"@type":"Organization","@id":"https:\/\/skema.eu\/fr\/#organization","name":"Skema S.p.a Unipersonale","url":"https:\/\/skema.eu\/fr\/","logo":{"@type":"ImageObject","inLanguage":"fr-FR","@id":"https:\/\/skema.eu\/fr\/#\/schema\/logo\/image\/","url":"https:\/\/skema.eu\/wp-content\/uploads\/2025\/04\/copertina-standard-sito_161202517452.webp","contentUrl":"https:\/\/skema.eu\/wp-content\/uploads\/2025\/04\/copertina-standard-sito_161202517452.webp","width":600,"height":424,"caption":"Skema S.p.a Unipersonale"},"image":{"@id":"https:\/\/skema.eu\/fr\/#\/schema\/logo\/image\/"},"sameAs":["https:\/\/www.facebook.com\/skema.eu"]}]}},"_links":{"self":[{"href":"https:\/\/skema.eu\/fr\/wp-json\/wp\/v2\/product\/5569","targetHints":{"allow":["GET"]}}],"collection":[{"href":"https:\/\/skema.eu\/fr\/wp-json\/wp\/v2\/product"}],"about":[{"href":"https:\/\/skema.eu\/fr\/wp-json\/wp\/v2\/types\/product"}],"replies":[{"embeddable":true,"href":"https:\/\/skema.eu\/fr\/wp-json\/wp\/v2\/comments?post=5569"}],"wp:featuredmedia":[{"embeddable":true,"href":"https:\/\/skema.eu\/fr\/wp-json\/wp\/v2\/media\/14172"}],"wp:attachment":[{"href":"https:\/\/skema.eu\/fr\/wp-json\/wp\/v2\/media?parent=5569"}],"wp:term":[{"taxonomy":"ambiente","embeddable":true,"href":"https:\/\/skema.eu\/fr\/wp-json\/wp\/v2\/ambiente?post=5569"},{"taxonomy":"colore","embeddable":true,"href":"https:\/\/skema.eu\/fr\/wp-json\/wp\/v2\/colore?post=5569"},{"taxonomy":"product_brand","embeddable":true,"href":"https:\/\/skema.eu\/fr\/wp-json\/wp\/v2\/product_brand?post=5569"},{"taxonomy":"product_cat","embeddable":true,"href":"https:\/\/skema.eu\/fr\/wp-json\/wp\/v2\/product_cat?post=5569"},{"taxonomy":"product_tag","embeddable":true,"href":"https:\/\/skema.eu\/fr\/wp-json\/wp\/v2\/product_tag?post=5569"}],"curies":[{"name":"wp","href":"https:\/\/api.w.org\/{rel}","templated":true}]}}