{"id":5552,"date":"2025-04-18T16:11:54","date_gmt":"2025-04-18T14:11:54","guid":{"rendered":"http:\/\/skema.eu\/prodotto\/lumbertech-205\/"},"modified":"2025-04-23T10:35:30","modified_gmt":"2025-04-23T08:35:30","slug":"lumbertech-205","status":"publish","type":"product","link":"https:\/\/skema.eu\/es\/coleccion\/lumbertech-205\/","title":{"rendered":"LUMBERTECH 205"},"content":{"rendered":"","protected":false},"excerpt":{"rendered":"<p>Lumbertech 205 es la propuesta de la l\u00ednea de suelos de madera de ingenier\u00eda con un formato original. Una medida in\u00e9dita para Lumbertech, 2200x205x11 mm, m\u00e1s estrecha y esbelta que el formato tradicional. Lumbertech 205 mantiene la experiencia sensorial con la que se desarroll\u00f3 Lumbertech en la versi\u00f3n lacada, donde la naturalidad de la madera se realza con el lacado mate de la superficie. Un efecto que no altera el aspecto aut\u00e9ntico de la madera y la protege de las agresiones mec\u00e1nicas y qu\u00edmicas.<\/p>\n","protected":false},"featured_media":4717,"comment_status":"closed","ping_status":"closed","template":"","meta":{"_acf_changed":false,"_et_pb_use_builder":"","_et_pb_old_content":"","_et_gb_content_width":"","inline_featured_image":false},"ambiente":[],"colore":[],"product_brand":[],"product_cat":[130],"product_tag":[],"class_list":{"0":"post-5552","1":"product","2":"type-product","3":"status-publish","4":"has-post-thumbnail","6":"product_cat-suelos-de-madera","8":"first","9":"instock","10":"product-type-simple"},"acf":[],"yoast_head":"<!-- This site is optimized with the Yoast SEO plugin v27.1.1 - https:\/\/yoast.com\/product\/yoast-seo-wordpress\/ -->\n<title>LUMBERTECH 205 | Madera de ingenier\u00eda con un formato original - Skema<\/title>\n<meta name=\"description\" content=\"Entre las Suelos de madera de Skema puedes encontrar LUMBERTECH 205. Descubre ahora la colecci\u00f3n y todos sus acabados.\" \/>\n<meta name=\"robots\" content=\"index, follow, max-snippet:-1, max-image-preview:large, max-video-preview:-1\" \/>\n<link rel=\"canonical\" href=\"https:\/\/skema.eu\/es\/coleccion\/lumbertech-205\/\" \/>\n<meta property=\"og:locale\" content=\"es_ES\" \/>\n<meta property=\"og:type\" content=\"article\" \/>\n<meta property=\"og:title\" content=\"LUMBERTECH 205 | Madera de ingenier\u00eda con un formato original - Skema\" \/>\n<meta property=\"og:description\" content=\"Entre las Suelos de madera de Skema puedes encontrar LUMBERTECH 205. Descubre ahora la colecci\u00f3n y todos sus acabados.\" \/>\n<meta property=\"og:url\" content=\"https:\/\/skema.eu\/es\/coleccion\/lumbertech-205\/\" \/>\n<meta property=\"og:site_name\" content=\"Skema\" \/>\n<meta property=\"article:publisher\" content=\"https:\/\/www.facebook.com\/skema.eu\" \/>\n<meta property=\"article:modified_time\" content=\"2025-04-23T08:35:30+00:00\" \/>\n<meta property=\"og:image\" content=\"https:\/\/skema.eu\/wp-content\/uploads\/2025\/04\/SKEMA-LUMBERTECH-205-ROVERE-CONERO.jpg\" \/>\n\t<meta property=\"og:image:width\" content=\"1920\" \/>\n\t<meta property=\"og:image:height\" content=\"1280\" \/>\n\t<meta property=\"og:image:type\" content=\"image\/jpeg\" \/>\n<meta name=\"twitter:card\" content=\"summary_large_image\" \/>\n<script type=\"application\/ld+json\" class=\"yoast-schema-graph\">{\"@context\":\"https:\/\/schema.org\",\"@graph\":[{\"@type\":\"WebPage\",\"@id\":\"https:\/\/skema.eu\/es\/coleccion\/lumbertech-205\/\",\"url\":\"https:\/\/skema.eu\/es\/coleccion\/lumbertech-205\/\",\"name\":\"LUMBERTECH 205 | Madera de ingenier\u00eda con un formato original - Skema\",\"isPartOf\":{\"@id\":\"https:\/\/skema.eu\/es\/#website\"},\"primaryImageOfPage\":{\"@id\":\"https:\/\/skema.eu\/es\/coleccion\/lumbertech-205\/#primaryimage\"},\"image\":{\"@id\":\"https:\/\/skema.eu\/es\/coleccion\/lumbertech-205\/#primaryimage\"},\"thumbnailUrl\":\"https:\/\/skema.eu\/wp-content\/uploads\/2025\/04\/SKEMA-LUMBERTECH-205-ROVERE-CONERO.jpg\",\"datePublished\":\"2025-04-18T14:11:54+00:00\",\"dateModified\":\"2025-04-23T08:35:30+00:00\",\"description\":\"Entre las Suelos de madera de Skema puedes encontrar LUMBERTECH 205. Descubre ahora la colecci\u00f3n y todos sus acabados.\",\"breadcrumb\":{\"@id\":\"https:\/\/skema.eu\/es\/coleccion\/lumbertech-205\/#breadcrumb\"},\"inLanguage\":\"es\",\"potentialAction\":[{\"@type\":\"ReadAction\",\"target\":[\"https:\/\/skema.eu\/es\/coleccion\/lumbertech-205\/\"]}]},{\"@type\":\"ImageObject\",\"inLanguage\":\"es\",\"@id\":\"https:\/\/skema.eu\/es\/coleccion\/lumbertech-205\/#primaryimage\",\"url\":\"https:\/\/skema.eu\/wp-content\/uploads\/2025\/04\/SKEMA-LUMBERTECH-205-ROVERE-CONERO.jpg\",\"contentUrl\":\"https:\/\/skema.eu\/wp-content\/uploads\/2025\/04\/SKEMA-LUMBERTECH-205-ROVERE-CONERO.jpg\",\"width\":1920,\"height\":1280,\"caption\":\"TOP LEVEL LUMBERTECH 205 | Madera potenciada en resistencia\"},{\"@type\":\"BreadcrumbList\",\"@id\":\"https:\/\/skema.eu\/es\/coleccion\/lumbertech-205\/#breadcrumb\",\"itemListElement\":[{\"@type\":\"ListItem\",\"position\":1,\"name\":\"Home\",\"item\":\"https:\/\/skema.eu\/es\/\"},{\"@type\":\"ListItem\",\"position\":2,\"name\":\"Productos\",\"item\":\"https:\/\/skema.eu\/es\/shop\/\"},{\"@type\":\"ListItem\",\"position\":3,\"name\":\"LUMBERTECH 205\"}]},{\"@type\":\"WebSite\",\"@id\":\"https:\/\/skema.eu\/es\/#website\",\"url\":\"https:\/\/skema.eu\/es\/\",\"name\":\"Skema\",\"description\":\"Superfici da Vivere\",\"publisher\":{\"@id\":\"https:\/\/skema.eu\/es\/#organization\"},\"potentialAction\":[{\"@type\":\"SearchAction\",\"target\":{\"@type\":\"EntryPoint\",\"urlTemplate\":\"https:\/\/skema.eu\/es\/?s={search_term_string}\"},\"query-input\":{\"@type\":\"PropertyValueSpecification\",\"valueRequired\":true,\"valueName\":\"search_term_string\"}}],\"inLanguage\":\"es\"},{\"@type\":\"Organization\",\"@id\":\"https:\/\/skema.eu\/es\/#organization\",\"name\":\"Skema S.p.a Unipersonale\",\"url\":\"https:\/\/skema.eu\/es\/\",\"logo\":{\"@type\":\"ImageObject\",\"inLanguage\":\"es\",\"@id\":\"https:\/\/skema.eu\/es\/#\/schema\/logo\/image\/\",\"url\":\"https:\/\/skema.eu\/wp-content\/uploads\/2025\/04\/copertina-standard-sito_161202517452.webp\",\"contentUrl\":\"https:\/\/skema.eu\/wp-content\/uploads\/2025\/04\/copertina-standard-sito_161202517452.webp\",\"width\":600,\"height\":424,\"caption\":\"Skema S.p.a Unipersonale\"},\"image\":{\"@id\":\"https:\/\/skema.eu\/es\/#\/schema\/logo\/image\/\"},\"sameAs\":[\"https:\/\/www.facebook.com\/skema.eu\"]}]}<\/script>\n<!-- \/ Yoast SEO plugin. -->","yoast_head_json":{"title":"LUMBERTECH 205 | Madera de ingenier\u00eda con un formato original - Skema","description":"Entre las Suelos de madera de Skema puedes encontrar LUMBERTECH 205. Descubre ahora la colecci\u00f3n y todos sus acabados.","robots":{"index":"index","follow":"follow","max-snippet":"max-snippet:-1","max-image-preview":"max-image-preview:large","max-video-preview":"max-video-preview:-1"},"canonical":"https:\/\/skema.eu\/es\/coleccion\/lumbertech-205\/","og_locale":"es_ES","og_type":"article","og_title":"LUMBERTECH 205 | Madera de ingenier\u00eda con un formato original - Skema","og_description":"Entre las Suelos de madera de Skema puedes encontrar LUMBERTECH 205. Descubre ahora la colecci\u00f3n y todos sus acabados.","og_url":"https:\/\/skema.eu\/es\/coleccion\/lumbertech-205\/","og_site_name":"Skema","article_publisher":"https:\/\/www.facebook.com\/skema.eu","article_modified_time":"2025-04-23T08:35:30+00:00","og_image":[{"width":1920,"height":1280,"url":"https:\/\/skema.eu\/wp-content\/uploads\/2025\/04\/SKEMA-LUMBERTECH-205-ROVERE-CONERO.jpg","type":"image\/jpeg"}],"twitter_card":"summary_large_image","schema":{"@context":"https:\/\/schema.org","@graph":[{"@type":"WebPage","@id":"https:\/\/skema.eu\/es\/coleccion\/lumbertech-205\/","url":"https:\/\/skema.eu\/es\/coleccion\/lumbertech-205\/","name":"LUMBERTECH 205 | Madera de ingenier\u00eda con un formato original - Skema","isPartOf":{"@id":"https:\/\/skema.eu\/es\/#website"},"primaryImageOfPage":{"@id":"https:\/\/skema.eu\/es\/coleccion\/lumbertech-205\/#primaryimage"},"image":{"@id":"https:\/\/skema.eu\/es\/coleccion\/lumbertech-205\/#primaryimage"},"thumbnailUrl":"https:\/\/skema.eu\/wp-content\/uploads\/2025\/04\/SKEMA-LUMBERTECH-205-ROVERE-CONERO.jpg","datePublished":"2025-04-18T14:11:54+00:00","dateModified":"2025-04-23T08:35:30+00:00","description":"Entre las Suelos de madera de Skema puedes encontrar LUMBERTECH 205. Descubre ahora la colecci\u00f3n y todos sus acabados.","breadcrumb":{"@id":"https:\/\/skema.eu\/es\/coleccion\/lumbertech-205\/#breadcrumb"},"inLanguage":"es","potentialAction":[{"@type":"ReadAction","target":["https:\/\/skema.eu\/es\/coleccion\/lumbertech-205\/"]}]},{"@type":"ImageObject","inLanguage":"es","@id":"https:\/\/skema.eu\/es\/coleccion\/lumbertech-205\/#primaryimage","url":"https:\/\/skema.eu\/wp-content\/uploads\/2025\/04\/SKEMA-LUMBERTECH-205-ROVERE-CONERO.jpg","contentUrl":"https:\/\/skema.eu\/wp-content\/uploads\/2025\/04\/SKEMA-LUMBERTECH-205-ROVERE-CONERO.jpg","width":1920,"height":1280,"caption":"TOP LEVEL LUMBERTECH 205 | Madera potenciada en resistencia"},{"@type":"BreadcrumbList","@id":"https:\/\/skema.eu\/es\/coleccion\/lumbertech-205\/#breadcrumb","itemListElement":[{"@type":"ListItem","position":1,"name":"Home","item":"https:\/\/skema.eu\/es\/"},{"@type":"ListItem","position":2,"name":"Productos","item":"https:\/\/skema.eu\/es\/shop\/"},{"@type":"ListItem","position":3,"name":"LUMBERTECH 205"}]},{"@type":"WebSite","@id":"https:\/\/skema.eu\/es\/#website","url":"https:\/\/skema.eu\/es\/","name":"Skema","description":"Superfici da Vivere","publisher":{"@id":"https:\/\/skema.eu\/es\/#organization"},"potentialAction":[{"@type":"SearchAction","target":{"@type":"EntryPoint","urlTemplate":"https:\/\/skema.eu\/es\/?s={search_term_string}"},"query-input":{"@type":"PropertyValueSpecification","valueRequired":true,"valueName":"search_term_string"}}],"inLanguage":"es"},{"@type":"Organization","@id":"https:\/\/skema.eu\/es\/#organization","name":"Skema S.p.a Unipersonale","url":"https:\/\/skema.eu\/es\/","logo":{"@type":"ImageObject","inLanguage":"es","@id":"https:\/\/skema.eu\/es\/#\/schema\/logo\/image\/","url":"https:\/\/skema.eu\/wp-content\/uploads\/2025\/04\/copertina-standard-sito_161202517452.webp","contentUrl":"https:\/\/skema.eu\/wp-content\/uploads\/2025\/04\/copertina-standard-sito_161202517452.webp","width":600,"height":424,"caption":"Skema S.p.a Unipersonale"},"image":{"@id":"https:\/\/skema.eu\/es\/#\/schema\/logo\/image\/"},"sameAs":["https:\/\/www.facebook.com\/skema.eu"]}]}},"_links":{"self":[{"href":"https:\/\/skema.eu\/es\/wp-json\/wp\/v2\/product\/5552","targetHints":{"allow":["GET"]}}],"collection":[{"href":"https:\/\/skema.eu\/es\/wp-json\/wp\/v2\/product"}],"about":[{"href":"https:\/\/skema.eu\/es\/wp-json\/wp\/v2\/types\/product"}],"replies":[{"embeddable":true,"href":"https:\/\/skema.eu\/es\/wp-json\/wp\/v2\/comments?post=5552"}],"wp:featuredmedia":[{"embeddable":true,"href":"https:\/\/skema.eu\/es\/wp-json\/wp\/v2\/media\/4717"}],"wp:attachment":[{"href":"https:\/\/skema.eu\/es\/wp-json\/wp\/v2\/media?parent=5552"}],"wp:term":[{"taxonomy":"ambiente","embeddable":true,"href":"https:\/\/skema.eu\/es\/wp-json\/wp\/v2\/ambiente?post=5552"},{"taxonomy":"colore","embeddable":true,"href":"https:\/\/skema.eu\/es\/wp-json\/wp\/v2\/colore?post=5552"},{"taxonomy":"product_brand","embeddable":true,"href":"https:\/\/skema.eu\/es\/wp-json\/wp\/v2\/product_brand?post=5552"},{"taxonomy":"product_cat","embeddable":true,"href":"https:\/\/skema.eu\/es\/wp-json\/wp\/v2\/product_cat?post=5552"},{"taxonomy":"product_tag","embeddable":true,"href":"https:\/\/skema.eu\/es\/wp-json\/wp\/v2\/product_tag?post=5552"}],"curies":[{"name":"wp","href":"https:\/\/api.w.org\/{rel}","templated":true}]}}