{"id":5546,"date":"2025-05-28T14:06:59","date_gmt":"2025-05-28T12:06:59","guid":{"rendered":"http:\/\/skema.eu\/prodotto\/star-kr\/"},"modified":"2025-04-23T10:35:06","modified_gmt":"2025-04-23T08:35:06","slug":"star-kr","status":"publish","type":"product","link":"https:\/\/skema.eu\/es\/coleccion\/star-kr\/","title":{"rendered":"STAR KR"},"content":{"rendered":"","protected":false},"excerpt":{"rendered":"<p>Star KR es la colecci\u00f3n con tecnolog\u00eda de registro aplicada en la superficie que aumenta el realismo de los suelos con efecto madera. La est\u00e9tica cuidada se ve acentuada por la superficie ultramate, los colores perfectos y la naturalidad de los acabados limpios y sin nudos. A todo ello se unen las altas prestaciones del SPC: impermeabilidad, estabilidad dimensional, subsuelo ac\u00fastico preacoplado y antideslizante.<\/p>\n","protected":false},"featured_media":3993,"comment_status":"closed","ping_status":"closed","template":"","meta":{"_acf_changed":false,"_et_pb_use_builder":"","_et_pb_old_content":"","_et_gb_content_width":"","inline_featured_image":false},"ambiente":[],"colore":[],"product_brand":[],"product_cat":[129],"product_tag":[],"class_list":{"0":"post-5546","1":"product","2":"type-product","3":"status-publish","4":"has-post-thumbnail","6":"product_cat-suelos-de-spc","8":"first","9":"instock","10":"product-type-simple"},"acf":[],"yoast_head":"<!-- This site is optimized with the Yoast SEO plugin v27.1.1 - https:\/\/yoast.com\/product\/yoast-seo-wordpress\/ -->\n<title>STAR KR | Suelo t\u00e9cnico de est\u00e9tica refinada - Skema<\/title>\n<meta name=\"description\" content=\"Entre las Suelos de SPC de Skema puedes encontrar STAR KR. Descubre ahora la colecci\u00f3n y todos sus acabados.\" \/>\n<meta name=\"robots\" content=\"index, follow, max-snippet:-1, max-image-preview:large, max-video-preview:-1\" \/>\n<link rel=\"canonical\" href=\"https:\/\/skema.eu\/es\/coleccion\/star-kr\/\" \/>\n<meta property=\"og:locale\" content=\"es_ES\" \/>\n<meta property=\"og:type\" content=\"article\" \/>\n<meta property=\"og:title\" content=\"STAR KR | Suelo t\u00e9cnico de est\u00e9tica refinada - Skema\" \/>\n<meta property=\"og:description\" content=\"Entre las Suelos de SPC de Skema puedes encontrar STAR KR. Descubre ahora la colecci\u00f3n y todos sus acabados.\" \/>\n<meta property=\"og:url\" content=\"https:\/\/skema.eu\/es\/coleccion\/star-kr\/\" \/>\n<meta property=\"og:site_name\" content=\"Skema\" \/>\n<meta property=\"article:publisher\" content=\"https:\/\/www.facebook.com\/skema.eu\" \/>\n<meta property=\"og:image\" content=\"https:\/\/skema.eu\/wp-content\/uploads\/2025\/04\/Da-Catalogo-Spc-Star.kr-Rovere-Terranova.jpg\" \/>\n\t<meta property=\"og:image:width\" content=\"1920\" \/>\n\t<meta property=\"og:image:height\" content=\"1280\" \/>\n\t<meta property=\"og:image:type\" content=\"image\/jpeg\" \/>\n<meta name=\"twitter:card\" content=\"summary_large_image\" \/>\n<script type=\"application\/ld+json\" class=\"yoast-schema-graph\">{\"@context\":\"https:\/\/schema.org\",\"@graph\":[{\"@type\":\"WebPage\",\"@id\":\"https:\/\/skema.eu\/es\/coleccion\/star-kr\/\",\"url\":\"https:\/\/skema.eu\/es\/coleccion\/star-kr\/\",\"name\":\"STAR KR | Suelo t\u00e9cnico de est\u00e9tica refinada - Skema\",\"isPartOf\":{\"@id\":\"https:\/\/skema.eu\/es\/#website\"},\"primaryImageOfPage\":{\"@id\":\"https:\/\/skema.eu\/es\/coleccion\/star-kr\/#primaryimage\"},\"image\":{\"@id\":\"https:\/\/skema.eu\/es\/coleccion\/star-kr\/#primaryimage\"},\"thumbnailUrl\":\"https:\/\/skema.eu\/wp-content\/uploads\/2025\/04\/Da-Catalogo-Spc-Star.kr-Rovere-Terranova.jpg\",\"datePublished\":\"2025-05-28T12:06:59+00:00\",\"description\":\"Entre las Suelos de SPC de Skema puedes encontrar STAR KR. Descubre ahora la colecci\u00f3n y todos sus acabados.\",\"breadcrumb\":{\"@id\":\"https:\/\/skema.eu\/es\/coleccion\/star-kr\/#breadcrumb\"},\"inLanguage\":\"es\",\"potentialAction\":[{\"@type\":\"ReadAction\",\"target\":[\"https:\/\/skema.eu\/es\/coleccion\/star-kr\/\"]}]},{\"@type\":\"ImageObject\",\"inLanguage\":\"es\",\"@id\":\"https:\/\/skema.eu\/es\/coleccion\/star-kr\/#primaryimage\",\"url\":\"https:\/\/skema.eu\/wp-content\/uploads\/2025\/04\/Da-Catalogo-Spc-Star.kr-Rovere-Terranova.jpg\",\"contentUrl\":\"https:\/\/skema.eu\/wp-content\/uploads\/2025\/04\/Da-Catalogo-Spc-Star.kr-Rovere-Terranova.jpg\",\"width\":1920,\"height\":1280},{\"@type\":\"BreadcrumbList\",\"@id\":\"https:\/\/skema.eu\/es\/coleccion\/star-kr\/#breadcrumb\",\"itemListElement\":[{\"@type\":\"ListItem\",\"position\":1,\"name\":\"Home\",\"item\":\"https:\/\/skema.eu\/es\/\"},{\"@type\":\"ListItem\",\"position\":2,\"name\":\"Productos\",\"item\":\"https:\/\/skema.eu\/es\/shop\/\"},{\"@type\":\"ListItem\",\"position\":3,\"name\":\"STAR KR\"}]},{\"@type\":\"WebSite\",\"@id\":\"https:\/\/skema.eu\/es\/#website\",\"url\":\"https:\/\/skema.eu\/es\/\",\"name\":\"Skema\",\"description\":\"Superfici da Vivere\",\"publisher\":{\"@id\":\"https:\/\/skema.eu\/es\/#organization\"},\"potentialAction\":[{\"@type\":\"SearchAction\",\"target\":{\"@type\":\"EntryPoint\",\"urlTemplate\":\"https:\/\/skema.eu\/es\/?s={search_term_string}\"},\"query-input\":{\"@type\":\"PropertyValueSpecification\",\"valueRequired\":true,\"valueName\":\"search_term_string\"}}],\"inLanguage\":\"es\"},{\"@type\":\"Organization\",\"@id\":\"https:\/\/skema.eu\/es\/#organization\",\"name\":\"Skema S.p.a Unipersonale\",\"url\":\"https:\/\/skema.eu\/es\/\",\"logo\":{\"@type\":\"ImageObject\",\"inLanguage\":\"es\",\"@id\":\"https:\/\/skema.eu\/es\/#\/schema\/logo\/image\/\",\"url\":\"https:\/\/skema.eu\/wp-content\/uploads\/2025\/04\/copertina-standard-sito_161202517452.webp\",\"contentUrl\":\"https:\/\/skema.eu\/wp-content\/uploads\/2025\/04\/copertina-standard-sito_161202517452.webp\",\"width\":600,\"height\":424,\"caption\":\"Skema S.p.a Unipersonale\"},\"image\":{\"@id\":\"https:\/\/skema.eu\/es\/#\/schema\/logo\/image\/\"},\"sameAs\":[\"https:\/\/www.facebook.com\/skema.eu\"]}]}<\/script>\n<!-- \/ Yoast SEO plugin. -->","yoast_head_json":{"title":"STAR KR | Suelo t\u00e9cnico de est\u00e9tica refinada - Skema","description":"Entre las Suelos de SPC de Skema puedes encontrar STAR KR. Descubre ahora la colecci\u00f3n y todos sus acabados.","robots":{"index":"index","follow":"follow","max-snippet":"max-snippet:-1","max-image-preview":"max-image-preview:large","max-video-preview":"max-video-preview:-1"},"canonical":"https:\/\/skema.eu\/es\/coleccion\/star-kr\/","og_locale":"es_ES","og_type":"article","og_title":"STAR KR | Suelo t\u00e9cnico de est\u00e9tica refinada - Skema","og_description":"Entre las Suelos de SPC de Skema puedes encontrar STAR KR. Descubre ahora la colecci\u00f3n y todos sus acabados.","og_url":"https:\/\/skema.eu\/es\/coleccion\/star-kr\/","og_site_name":"Skema","article_publisher":"https:\/\/www.facebook.com\/skema.eu","og_image":[{"width":1920,"height":1280,"url":"https:\/\/skema.eu\/wp-content\/uploads\/2025\/04\/Da-Catalogo-Spc-Star.kr-Rovere-Terranova.jpg","type":"image\/jpeg"}],"twitter_card":"summary_large_image","schema":{"@context":"https:\/\/schema.org","@graph":[{"@type":"WebPage","@id":"https:\/\/skema.eu\/es\/coleccion\/star-kr\/","url":"https:\/\/skema.eu\/es\/coleccion\/star-kr\/","name":"STAR KR | Suelo t\u00e9cnico de est\u00e9tica refinada - Skema","isPartOf":{"@id":"https:\/\/skema.eu\/es\/#website"},"primaryImageOfPage":{"@id":"https:\/\/skema.eu\/es\/coleccion\/star-kr\/#primaryimage"},"image":{"@id":"https:\/\/skema.eu\/es\/coleccion\/star-kr\/#primaryimage"},"thumbnailUrl":"https:\/\/skema.eu\/wp-content\/uploads\/2025\/04\/Da-Catalogo-Spc-Star.kr-Rovere-Terranova.jpg","datePublished":"2025-05-28T12:06:59+00:00","description":"Entre las Suelos de SPC de Skema puedes encontrar STAR KR. Descubre ahora la colecci\u00f3n y todos sus acabados.","breadcrumb":{"@id":"https:\/\/skema.eu\/es\/coleccion\/star-kr\/#breadcrumb"},"inLanguage":"es","potentialAction":[{"@type":"ReadAction","target":["https:\/\/skema.eu\/es\/coleccion\/star-kr\/"]}]},{"@type":"ImageObject","inLanguage":"es","@id":"https:\/\/skema.eu\/es\/coleccion\/star-kr\/#primaryimage","url":"https:\/\/skema.eu\/wp-content\/uploads\/2025\/04\/Da-Catalogo-Spc-Star.kr-Rovere-Terranova.jpg","contentUrl":"https:\/\/skema.eu\/wp-content\/uploads\/2025\/04\/Da-Catalogo-Spc-Star.kr-Rovere-Terranova.jpg","width":1920,"height":1280},{"@type":"BreadcrumbList","@id":"https:\/\/skema.eu\/es\/coleccion\/star-kr\/#breadcrumb","itemListElement":[{"@type":"ListItem","position":1,"name":"Home","item":"https:\/\/skema.eu\/es\/"},{"@type":"ListItem","position":2,"name":"Productos","item":"https:\/\/skema.eu\/es\/shop\/"},{"@type":"ListItem","position":3,"name":"STAR KR"}]},{"@type":"WebSite","@id":"https:\/\/skema.eu\/es\/#website","url":"https:\/\/skema.eu\/es\/","name":"Skema","description":"Superfici da Vivere","publisher":{"@id":"https:\/\/skema.eu\/es\/#organization"},"potentialAction":[{"@type":"SearchAction","target":{"@type":"EntryPoint","urlTemplate":"https:\/\/skema.eu\/es\/?s={search_term_string}"},"query-input":{"@type":"PropertyValueSpecification","valueRequired":true,"valueName":"search_term_string"}}],"inLanguage":"es"},{"@type":"Organization","@id":"https:\/\/skema.eu\/es\/#organization","name":"Skema S.p.a Unipersonale","url":"https:\/\/skema.eu\/es\/","logo":{"@type":"ImageObject","inLanguage":"es","@id":"https:\/\/skema.eu\/es\/#\/schema\/logo\/image\/","url":"https:\/\/skema.eu\/wp-content\/uploads\/2025\/04\/copertina-standard-sito_161202517452.webp","contentUrl":"https:\/\/skema.eu\/wp-content\/uploads\/2025\/04\/copertina-standard-sito_161202517452.webp","width":600,"height":424,"caption":"Skema S.p.a Unipersonale"},"image":{"@id":"https:\/\/skema.eu\/es\/#\/schema\/logo\/image\/"},"sameAs":["https:\/\/www.facebook.com\/skema.eu"]}]}},"_links":{"self":[{"href":"https:\/\/skema.eu\/es\/wp-json\/wp\/v2\/product\/5546","targetHints":{"allow":["GET"]}}],"collection":[{"href":"https:\/\/skema.eu\/es\/wp-json\/wp\/v2\/product"}],"about":[{"href":"https:\/\/skema.eu\/es\/wp-json\/wp\/v2\/types\/product"}],"replies":[{"embeddable":true,"href":"https:\/\/skema.eu\/es\/wp-json\/wp\/v2\/comments?post=5546"}],"wp:featuredmedia":[{"embeddable":true,"href":"https:\/\/skema.eu\/es\/wp-json\/wp\/v2\/media\/3993"}],"wp:attachment":[{"href":"https:\/\/skema.eu\/es\/wp-json\/wp\/v2\/media?parent=5546"}],"wp:term":[{"taxonomy":"ambiente","embeddable":true,"href":"https:\/\/skema.eu\/es\/wp-json\/wp\/v2\/ambiente?post=5546"},{"taxonomy":"colore","embeddable":true,"href":"https:\/\/skema.eu\/es\/wp-json\/wp\/v2\/colore?post=5546"},{"taxonomy":"product_brand","embeddable":true,"href":"https:\/\/skema.eu\/es\/wp-json\/wp\/v2\/product_brand?post=5546"},{"taxonomy":"product_cat","embeddable":true,"href":"https:\/\/skema.eu\/es\/wp-json\/wp\/v2\/product_cat?post=5546"},{"taxonomy":"product_tag","embeddable":true,"href":"https:\/\/skema.eu\/es\/wp-json\/wp\/v2\/product_tag?post=5546"}],"curies":[{"name":"wp","href":"https:\/\/api.w.org\/{rel}","templated":true}]}}