{"id":5543,"date":"2025-04-18T16:04:11","date_gmt":"2025-04-18T14:04:11","guid":{"rendered":"http:\/\/skema.eu\/prodotto\/star-wood\/"},"modified":"2025-04-23T10:35:01","modified_gmt":"2025-04-23T08:35:01","slug":"star-wood","status":"publish","type":"product","link":"https:\/\/skema.eu\/es\/coleccion\/star-wood\/","title":{"rendered":"STAR WOOD"},"content":{"rendered":"","protected":false},"excerpt":{"rendered":"<p>Star Wood es el suelo de madera que se puede colocar en cualquier ambiente, m\u00e1s higi\u00e9nico, m\u00e1s c\u00f3modo y m\u00e1s resistente. Su naturaleza h\u00edbrida permite tener un suelo de madera con las caracter\u00edsticas t\u00e9cnicas del SPC. Fino, para ser colocado sobre suelos existentes, resistente al agua, ideal tambi\u00e9n en el ba\u00f1o o en la cocina, con base de corcho para un mejor confort ac\u00fastico.<\/p>\n","protected":false},"featured_media":3694,"comment_status":"closed","ping_status":"closed","template":"","meta":{"_acf_changed":false,"_et_pb_use_builder":"","_et_pb_old_content":"","_et_gb_content_width":"","inline_featured_image":false},"ambiente":[],"colore":[],"product_brand":[],"product_cat":[129],"product_tag":[],"class_list":{"0":"post-5543","1":"product","2":"type-product","3":"status-publish","4":"has-post-thumbnail","6":"product_cat-suelos-de-spc","8":"first","9":"instock","10":"product-type-simple"},"acf":[],"yoast_head":"<!-- This site is optimized with the Yoast SEO plugin v27.1.1 - https:\/\/yoast.com\/product\/yoast-seo-wordpress\/ -->\n<title>STAR WOOD | El h\u00edbrido que combina la superficie de madera con la resistencia del soporte de SPC - Skema<\/title>\n<meta name=\"description\" content=\"Entre las Suelos de SPC de Skema puedes encontrar STAR WOOD. Descubre ahora la colecci\u00f3n y todos sus acabados.\" \/>\n<meta name=\"robots\" content=\"index, follow, max-snippet:-1, max-image-preview:large, max-video-preview:-1\" \/>\n<link rel=\"canonical\" href=\"https:\/\/skema.eu\/es\/coleccion\/star-wood\/\" \/>\n<meta property=\"og:locale\" content=\"es_ES\" \/>\n<meta property=\"og:type\" content=\"article\" \/>\n<meta property=\"og:title\" content=\"STAR WOOD | El h\u00edbrido que combina la superficie de madera con la resistencia del soporte de SPC - Skema\" \/>\n<meta property=\"og:description\" content=\"Entre las Suelos de SPC de Skema puedes encontrar STAR WOOD. Descubre ahora la colecci\u00f3n y todos sus acabados.\" \/>\n<meta property=\"og:url\" content=\"https:\/\/skema.eu\/es\/coleccion\/star-wood\/\" \/>\n<meta property=\"og:site_name\" content=\"Skema\" \/>\n<meta property=\"article:publisher\" content=\"https:\/\/www.facebook.com\/skema.eu\" \/>\n<meta property=\"article:modified_time\" content=\"2025-04-23T08:35:01+00:00\" \/>\n<meta property=\"og:image\" content=\"https:\/\/skema.eu\/wp-content\/uploads\/2025\/04\/SKEMA-SINTESY-STAR-WOOD-1605-NOCE-BRANDY.jpg\" \/>\n\t<meta property=\"og:image:width\" content=\"1920\" \/>\n\t<meta property=\"og:image:height\" content=\"1280\" \/>\n\t<meta property=\"og:image:type\" content=\"image\/jpeg\" \/>\n<meta name=\"twitter:card\" content=\"summary_large_image\" \/>\n<script type=\"application\/ld+json\" class=\"yoast-schema-graph\">{\"@context\":\"https:\/\/schema.org\",\"@graph\":[{\"@type\":\"WebPage\",\"@id\":\"https:\/\/skema.eu\/es\/coleccion\/star-wood\/\",\"url\":\"https:\/\/skema.eu\/es\/coleccion\/star-wood\/\",\"name\":\"STAR WOOD | El h\u00edbrido que combina la superficie de madera con la resistencia del soporte de SPC - Skema\",\"isPartOf\":{\"@id\":\"https:\/\/skema.eu\/es\/#website\"},\"primaryImageOfPage\":{\"@id\":\"https:\/\/skema.eu\/es\/coleccion\/star-wood\/#primaryimage\"},\"image\":{\"@id\":\"https:\/\/skema.eu\/es\/coleccion\/star-wood\/#primaryimage\"},\"thumbnailUrl\":\"https:\/\/skema.eu\/wp-content\/uploads\/2025\/04\/SKEMA-SINTESY-STAR-WOOD-1605-NOCE-BRANDY.jpg\",\"datePublished\":\"2025-04-18T14:04:11+00:00\",\"dateModified\":\"2025-04-23T08:35:01+00:00\",\"description\":\"Entre las Suelos de SPC de Skema puedes encontrar STAR WOOD. Descubre ahora la colecci\u00f3n y todos sus acabados.\",\"breadcrumb\":{\"@id\":\"https:\/\/skema.eu\/es\/coleccion\/star-wood\/#breadcrumb\"},\"inLanguage\":\"es\",\"potentialAction\":[{\"@type\":\"ReadAction\",\"target\":[\"https:\/\/skema.eu\/es\/coleccion\/star-wood\/\"]}]},{\"@type\":\"ImageObject\",\"inLanguage\":\"es\",\"@id\":\"https:\/\/skema.eu\/es\/coleccion\/star-wood\/#primaryimage\",\"url\":\"https:\/\/skema.eu\/wp-content\/uploads\/2025\/04\/SKEMA-SINTESY-STAR-WOOD-1605-NOCE-BRANDY.jpg\",\"contentUrl\":\"https:\/\/skema.eu\/wp-content\/uploads\/2025\/04\/SKEMA-SINTESY-STAR-WOOD-1605-NOCE-BRANDY.jpg\",\"width\":1920,\"height\":1280,\"caption\":\"STAR WOOD | El h\u00edbrido que combina la superficie de madera con la resistencia del soporte de SPC\"},{\"@type\":\"BreadcrumbList\",\"@id\":\"https:\/\/skema.eu\/es\/coleccion\/star-wood\/#breadcrumb\",\"itemListElement\":[{\"@type\":\"ListItem\",\"position\":1,\"name\":\"Home\",\"item\":\"https:\/\/skema.eu\/es\/\"},{\"@type\":\"ListItem\",\"position\":2,\"name\":\"Productos\",\"item\":\"https:\/\/skema.eu\/es\/shop\/\"},{\"@type\":\"ListItem\",\"position\":3,\"name\":\"STAR WOOD\"}]},{\"@type\":\"WebSite\",\"@id\":\"https:\/\/skema.eu\/es\/#website\",\"url\":\"https:\/\/skema.eu\/es\/\",\"name\":\"Skema\",\"description\":\"Superfici da Vivere\",\"publisher\":{\"@id\":\"https:\/\/skema.eu\/es\/#organization\"},\"potentialAction\":[{\"@type\":\"SearchAction\",\"target\":{\"@type\":\"EntryPoint\",\"urlTemplate\":\"https:\/\/skema.eu\/es\/?s={search_term_string}\"},\"query-input\":{\"@type\":\"PropertyValueSpecification\",\"valueRequired\":true,\"valueName\":\"search_term_string\"}}],\"inLanguage\":\"es\"},{\"@type\":\"Organization\",\"@id\":\"https:\/\/skema.eu\/es\/#organization\",\"name\":\"Skema S.p.a Unipersonale\",\"url\":\"https:\/\/skema.eu\/es\/\",\"logo\":{\"@type\":\"ImageObject\",\"inLanguage\":\"es\",\"@id\":\"https:\/\/skema.eu\/es\/#\/schema\/logo\/image\/\",\"url\":\"https:\/\/skema.eu\/wp-content\/uploads\/2025\/04\/copertina-standard-sito_161202517452.webp\",\"contentUrl\":\"https:\/\/skema.eu\/wp-content\/uploads\/2025\/04\/copertina-standard-sito_161202517452.webp\",\"width\":600,\"height\":424,\"caption\":\"Skema S.p.a Unipersonale\"},\"image\":{\"@id\":\"https:\/\/skema.eu\/es\/#\/schema\/logo\/image\/\"},\"sameAs\":[\"https:\/\/www.facebook.com\/skema.eu\"]}]}<\/script>\n<!-- \/ Yoast SEO plugin. -->","yoast_head_json":{"title":"STAR WOOD | El h\u00edbrido que combina la superficie de madera con la resistencia del soporte de SPC - Skema","description":"Entre las Suelos de SPC de Skema puedes encontrar STAR WOOD. Descubre ahora la colecci\u00f3n y todos sus acabados.","robots":{"index":"index","follow":"follow","max-snippet":"max-snippet:-1","max-image-preview":"max-image-preview:large","max-video-preview":"max-video-preview:-1"},"canonical":"https:\/\/skema.eu\/es\/coleccion\/star-wood\/","og_locale":"es_ES","og_type":"article","og_title":"STAR WOOD | El h\u00edbrido que combina la superficie de madera con la resistencia del soporte de SPC - Skema","og_description":"Entre las Suelos de SPC de Skema puedes encontrar STAR WOOD. Descubre ahora la colecci\u00f3n y todos sus acabados.","og_url":"https:\/\/skema.eu\/es\/coleccion\/star-wood\/","og_site_name":"Skema","article_publisher":"https:\/\/www.facebook.com\/skema.eu","article_modified_time":"2025-04-23T08:35:01+00:00","og_image":[{"width":1920,"height":1280,"url":"https:\/\/skema.eu\/wp-content\/uploads\/2025\/04\/SKEMA-SINTESY-STAR-WOOD-1605-NOCE-BRANDY.jpg","type":"image\/jpeg"}],"twitter_card":"summary_large_image","schema":{"@context":"https:\/\/schema.org","@graph":[{"@type":"WebPage","@id":"https:\/\/skema.eu\/es\/coleccion\/star-wood\/","url":"https:\/\/skema.eu\/es\/coleccion\/star-wood\/","name":"STAR WOOD | El h\u00edbrido que combina la superficie de madera con la resistencia del soporte de SPC - Skema","isPartOf":{"@id":"https:\/\/skema.eu\/es\/#website"},"primaryImageOfPage":{"@id":"https:\/\/skema.eu\/es\/coleccion\/star-wood\/#primaryimage"},"image":{"@id":"https:\/\/skema.eu\/es\/coleccion\/star-wood\/#primaryimage"},"thumbnailUrl":"https:\/\/skema.eu\/wp-content\/uploads\/2025\/04\/SKEMA-SINTESY-STAR-WOOD-1605-NOCE-BRANDY.jpg","datePublished":"2025-04-18T14:04:11+00:00","dateModified":"2025-04-23T08:35:01+00:00","description":"Entre las Suelos de SPC de Skema puedes encontrar STAR WOOD. Descubre ahora la colecci\u00f3n y todos sus acabados.","breadcrumb":{"@id":"https:\/\/skema.eu\/es\/coleccion\/star-wood\/#breadcrumb"},"inLanguage":"es","potentialAction":[{"@type":"ReadAction","target":["https:\/\/skema.eu\/es\/coleccion\/star-wood\/"]}]},{"@type":"ImageObject","inLanguage":"es","@id":"https:\/\/skema.eu\/es\/coleccion\/star-wood\/#primaryimage","url":"https:\/\/skema.eu\/wp-content\/uploads\/2025\/04\/SKEMA-SINTESY-STAR-WOOD-1605-NOCE-BRANDY.jpg","contentUrl":"https:\/\/skema.eu\/wp-content\/uploads\/2025\/04\/SKEMA-SINTESY-STAR-WOOD-1605-NOCE-BRANDY.jpg","width":1920,"height":1280,"caption":"STAR WOOD | El h\u00edbrido que combina la superficie de madera con la resistencia del soporte de SPC"},{"@type":"BreadcrumbList","@id":"https:\/\/skema.eu\/es\/coleccion\/star-wood\/#breadcrumb","itemListElement":[{"@type":"ListItem","position":1,"name":"Home","item":"https:\/\/skema.eu\/es\/"},{"@type":"ListItem","position":2,"name":"Productos","item":"https:\/\/skema.eu\/es\/shop\/"},{"@type":"ListItem","position":3,"name":"STAR WOOD"}]},{"@type":"WebSite","@id":"https:\/\/skema.eu\/es\/#website","url":"https:\/\/skema.eu\/es\/","name":"Skema","description":"Superfici da Vivere","publisher":{"@id":"https:\/\/skema.eu\/es\/#organization"},"potentialAction":[{"@type":"SearchAction","target":{"@type":"EntryPoint","urlTemplate":"https:\/\/skema.eu\/es\/?s={search_term_string}"},"query-input":{"@type":"PropertyValueSpecification","valueRequired":true,"valueName":"search_term_string"}}],"inLanguage":"es"},{"@type":"Organization","@id":"https:\/\/skema.eu\/es\/#organization","name":"Skema S.p.a Unipersonale","url":"https:\/\/skema.eu\/es\/","logo":{"@type":"ImageObject","inLanguage":"es","@id":"https:\/\/skema.eu\/es\/#\/schema\/logo\/image\/","url":"https:\/\/skema.eu\/wp-content\/uploads\/2025\/04\/copertina-standard-sito_161202517452.webp","contentUrl":"https:\/\/skema.eu\/wp-content\/uploads\/2025\/04\/copertina-standard-sito_161202517452.webp","width":600,"height":424,"caption":"Skema S.p.a Unipersonale"},"image":{"@id":"https:\/\/skema.eu\/es\/#\/schema\/logo\/image\/"},"sameAs":["https:\/\/www.facebook.com\/skema.eu"]}]}},"_links":{"self":[{"href":"https:\/\/skema.eu\/es\/wp-json\/wp\/v2\/product\/5543","targetHints":{"allow":["GET"]}}],"collection":[{"href":"https:\/\/skema.eu\/es\/wp-json\/wp\/v2\/product"}],"about":[{"href":"https:\/\/skema.eu\/es\/wp-json\/wp\/v2\/types\/product"}],"replies":[{"embeddable":true,"href":"https:\/\/skema.eu\/es\/wp-json\/wp\/v2\/comments?post=5543"}],"wp:featuredmedia":[{"embeddable":true,"href":"https:\/\/skema.eu\/es\/wp-json\/wp\/v2\/media\/3694"}],"wp:attachment":[{"href":"https:\/\/skema.eu\/es\/wp-json\/wp\/v2\/media?parent=5543"}],"wp:term":[{"taxonomy":"ambiente","embeddable":true,"href":"https:\/\/skema.eu\/es\/wp-json\/wp\/v2\/ambiente?post=5543"},{"taxonomy":"colore","embeddable":true,"href":"https:\/\/skema.eu\/es\/wp-json\/wp\/v2\/colore?post=5543"},{"taxonomy":"product_brand","embeddable":true,"href":"https:\/\/skema.eu\/es\/wp-json\/wp\/v2\/product_brand?post=5543"},{"taxonomy":"product_cat","embeddable":true,"href":"https:\/\/skema.eu\/es\/wp-json\/wp\/v2\/product_cat?post=5543"},{"taxonomy":"product_tag","embeddable":true,"href":"https:\/\/skema.eu\/es\/wp-json\/wp\/v2\/product_tag?post=5543"}],"curies":[{"name":"wp","href":"https:\/\/api.w.org\/{rel}","templated":true}]}}